{"id":41027604,"date":"2025-09-10T15:05:38","date_gmt":"2025-09-10T13:05:38","guid":{"rendered":"https:\/\/www.siri.mo.it\/?post_type=product&#038;p=41027604"},"modified":"2025-09-10T15:57:13","modified_gmt":"2025-09-10T13:57:13","slug":"fresa-svasatore-art-9040","status":"publish","type":"product","link":"https:\/\/www.siri.mo.it\/index.php\/prodotto\/fresa-svasatore-art-9040\/?lang=de","title":{"rendered":"Senkfr\u00e4ser Art.9040"},"content":{"rendered":"<h2>Fr\u00e4ser \u00d8 45 mm zum Bohren und \u00d8 65 mm zum Senken von Sp\u00fclen, K\u00fcchenarbeitsplatten usw. M14-Spindel zur Adaption an Schleifmaschinen.<\/h2>\n","protected":false},"excerpt":{"rendered":"<h2>NEU Zum Bohren und Senken von Porzellan-, Granit- und Marmorfliesen. F\u00fcr die Trockenanwendung.<\/h2>\n","protected":false},"featured_media":41027600,"template":"","meta":[],"product_brand":[],"product_cat":[3482],"product_tag":[],"class_list":{"0":"post-41027604","1":"product","2":"type-product","3":"status-publish","4":"has-post-thumbnail","6":"product_cat-diamant-und-schleifwerkzeuge-und-zubehor","8":"first","9":"instock","10":"product-type-simple"},"_links":{"self":[{"href":"https:\/\/www.siri.mo.it\/index.php\/wp-json\/wp\/v2\/product\/41027604","targetHints":{"allow":["GET"]}}],"collection":[{"href":"https:\/\/www.siri.mo.it\/index.php\/wp-json\/wp\/v2\/product"}],"about":[{"href":"https:\/\/www.siri.mo.it\/index.php\/wp-json\/wp\/v2\/types\/product"}],"wp:featuredmedia":[{"embeddable":true,"href":"https:\/\/www.siri.mo.it\/index.php\/wp-json\/wp\/v2\/media\/41027600"}],"wp:attachment":[{"href":"https:\/\/www.siri.mo.it\/index.php\/wp-json\/wp\/v2\/media?parent=41027604"}],"wp:term":[{"taxonomy":"product_brand","embeddable":true,"href":"https:\/\/www.siri.mo.it\/index.php\/wp-json\/wp\/v2\/product_brand?post=41027604"},{"taxonomy":"product_cat","embeddable":true,"href":"https:\/\/www.siri.mo.it\/index.php\/wp-json\/wp\/v2\/product_cat?post=41027604"},{"taxonomy":"product_tag","embeddable":true,"href":"https:\/\/www.siri.mo.it\/index.php\/wp-json\/wp\/v2\/product_tag?post=41027604"}],"curies":[{"name":"wp","href":"https:\/\/api.w.org\/{rel}","templated":true}]}}