{"id":41027603,"date":"2025-09-10T15:05:38","date_gmt":"2025-09-10T13:05:38","guid":{"rendered":"https:\/\/www.siri.mo.it\/?post_type=product&#038;p=41027603"},"modified":"2025-09-10T15:24:25","modified_gmt":"2025-09-10T13:24:25","slug":"fresa-svasatore-art-9040","status":"publish","type":"product","link":"https:\/\/www.siri.mo.it\/index.php\/prodotto\/fresa-svasatore-art-9040\/?lang=fr","title":{"rendered":"FRAISE \u00c0 FRAISER Art.9040"},"content":{"rendered":"<h2>Fraise \u00d8 45 mm pour le per\u00e7age et \u00d8 65 mm pour le fraisage d&#8217;\u00e9viers, de plans de travail de cuisine, etc. Broche M14 pour adaptation aux meuleuses.<\/h2>\n","protected":false},"excerpt":{"rendered":"<h2>NOUVEAU Pour percer et fraiser les carreaux de porcelaine, de granit et de marbre. Pour une utilisation \u00e0 sec.<\/h2>\n","protected":false},"featured_media":41027599,"template":"","meta":[],"product_brand":[],"product_cat":[3474],"product_tag":[],"class_list":{"0":"post-41027603","1":"product","2":"type-product","3":"status-publish","4":"has-post-thumbnail","6":"product_cat-outils-abrasifs-et-diamantes","8":"first","9":"instock","10":"product-type-simple"},"_links":{"self":[{"href":"https:\/\/www.siri.mo.it\/index.php\/wp-json\/wp\/v2\/product\/41027603","targetHints":{"allow":["GET"]}}],"collection":[{"href":"https:\/\/www.siri.mo.it\/index.php\/wp-json\/wp\/v2\/product"}],"about":[{"href":"https:\/\/www.siri.mo.it\/index.php\/wp-json\/wp\/v2\/types\/product"}],"wp:featuredmedia":[{"embeddable":true,"href":"https:\/\/www.siri.mo.it\/index.php\/wp-json\/wp\/v2\/media\/41027599"}],"wp:attachment":[{"href":"https:\/\/www.siri.mo.it\/index.php\/wp-json\/wp\/v2\/media?parent=41027603"}],"wp:term":[{"taxonomy":"product_brand","embeddable":true,"href":"https:\/\/www.siri.mo.it\/index.php\/wp-json\/wp\/v2\/product_brand?post=41027603"},{"taxonomy":"product_cat","embeddable":true,"href":"https:\/\/www.siri.mo.it\/index.php\/wp-json\/wp\/v2\/product_cat?post=41027603"},{"taxonomy":"product_tag","embeddable":true,"href":"https:\/\/www.siri.mo.it\/index.php\/wp-json\/wp\/v2\/product_tag?post=41027603"}],"curies":[{"name":"wp","href":"https:\/\/api.w.org\/{rel}","templated":true}]}}