{"id":41027594,"date":"2025-09-10T12:03:33","date_gmt":"2025-09-10T10:03:33","guid":{"rendered":"https:\/\/www.siri.mo.it\/?post_type=product&#038;p=41027594"},"modified":"2025-09-10T14:44:35","modified_gmt":"2025-09-10T12:44:35","slug":"flapdisc-dischi-diamantati-lamellari-art-13373e-13373p-13373gp","status":"publish","type":"product","link":"https:\/\/www.siri.mo.it\/index.php\/prodotto\/flapdisc-dischi-diamantati-lamellari-art-13373e-13373p-13373gp\/?lang=es","title":{"rendered":"FLAPDISC Discos de l\u00e1minas de diamante  Art.13373E &#8211; 13373P &#8211; 13373GP"},"content":{"rendered":"","protected":false},"excerpt":{"rendered":"<p>NUEVO DISCO DE L\u00c1MINAS Discos de l\u00e1minas de diamante para desbaste de gres porcel\u00e1nico y piedra natural, para uso en seco.<\/p>\n<p>Estos discos de l\u00e1minas de diamante son adecuados para desbastar en seco cantos y superficies de porcelana, granito, m\u00e1rmol o piedra natural.<br \/>\nLos discos se utilizan con una amoladora gracias a su conexi\u00f3n M14. La velocidad m\u00e1xima recomendada es de 10.500 rpm.<\/p>\n<p>art.13373E\u00a0 \u00a0 \u00a0FLAPDISC\u00a0 \u00a060\u00a0 \u00a0 d.115 mm\u00a0 Grano\u00a0 \u00a0 60<\/p>\n<p>art.13373P\u00a0 \u00a0 \u00a0FLAPDISC\u00a0 \u00a0120\u00a0 d.115 mm\u00a0 Grano\u00a0 \u00a0120<\/p>\n<p>art.13373GP\u00a0 FLAPDISC\u00a0 \u00a0200\u00a0 d.115 mm\u00a0 Grano\u00a0 200<\/p>\n","protected":false},"featured_media":41027586,"template":"","meta":[],"product_brand":[],"product_cat":[3483],"product_tag":[],"class_list":{"0":"post-41027594","1":"product","2":"type-product","3":"status-publish","4":"has-post-thumbnail","6":"product_cat-herramientas-y-accesorios-diamantados-y-abrasivos","8":"first","9":"instock","10":"product-type-simple"},"_links":{"self":[{"href":"https:\/\/www.siri.mo.it\/index.php\/wp-json\/wp\/v2\/product\/41027594","targetHints":{"allow":["GET"]}}],"collection":[{"href":"https:\/\/www.siri.mo.it\/index.php\/wp-json\/wp\/v2\/product"}],"about":[{"href":"https:\/\/www.siri.mo.it\/index.php\/wp-json\/wp\/v2\/types\/product"}],"wp:featuredmedia":[{"embeddable":true,"href":"https:\/\/www.siri.mo.it\/index.php\/wp-json\/wp\/v2\/media\/41027586"}],"wp:attachment":[{"href":"https:\/\/www.siri.mo.it\/index.php\/wp-json\/wp\/v2\/media?parent=41027594"}],"wp:term":[{"taxonomy":"product_brand","embeddable":true,"href":"https:\/\/www.siri.mo.it\/index.php\/wp-json\/wp\/v2\/product_brand?post=41027594"},{"taxonomy":"product_cat","embeddable":true,"href":"https:\/\/www.siri.mo.it\/index.php\/wp-json\/wp\/v2\/product_cat?post=41027594"},{"taxonomy":"product_tag","embeddable":true,"href":"https:\/\/www.siri.mo.it\/index.php\/wp-json\/wp\/v2\/product_tag?post=41027594"}],"curies":[{"name":"wp","href":"https:\/\/api.w.org\/{rel}","templated":true}]}}