{"id":41027592,"date":"2025-09-10T12:03:33","date_gmt":"2025-09-10T10:03:33","guid":{"rendered":"https:\/\/www.siri.mo.it\/?post_type=product&#038;p=41027592"},"modified":"2025-09-10T14:42:58","modified_gmt":"2025-09-10T12:42:58","slug":"flapdisc-dischi-diamantati-lamellari-art-13373e-13373p-13373gp","status":"publish","type":"product","link":"https:\/\/www.siri.mo.it\/index.php\/prodotto\/flapdisc-dischi-diamantati-lamellari-art-13373e-13373p-13373gp\/?lang=fr","title":{"rendered":"FLAPDISC Disques lamellaires diamant\u00e9s  Art.13373E &#8211; 13373P &#8211; 13373GP"},"content":{"rendered":"","protected":false},"excerpt":{"rendered":"<p><strong>NOUVEAUX\u00a0 \u00a0 FLAPDISC Disques lamellaires diamant\u00e9s, pour le d\u00e9grossissage du gr\u00e8s c\u00e9rame et de la pierre naturelle, utilisation \u00e0 sec.<\/strong><\/p>\n<p>Ces disques \u00e0 lamelles diamant\u00e9s conviennent au d\u00e9grossissage \u00e0 sec des bords et des surfaces en gr\u00e8s c\u00e9rame, granit, marbre ou pierre<br \/>\nnaturelle. Les disques s&#8217;utilisent avec une meuleuse gr\u00e2ce \u00e0 la connexion M14. La vitesse de fonctionnement maximale recommand\u00e9e est de<br \/>\n10500 tr\/min.<\/p>\n<p>art.13373E\u00a0 \u00a0 \u00a0FLAPDISC\u00a0 \u00a060\u00a0 \u00a0 d.115 mm\u00a0 Grain\u00a0 \u00a0 60<\/p>\n<p>art.13373P\u00a0 \u00a0 \u00a0FLAPDISC\u00a0 \u00a0120\u00a0 d.115 mm\u00a0 Grain\u00a0 \u00a0120<\/p>\n<p>art.13373GP\u00a0 FLAPDISC\u00a0 \u00a0200\u00a0 d.115 mm\u00a0 Grain\u00a0 200<\/p>\n","protected":false},"featured_media":41027584,"template":"","meta":[],"product_brand":[],"product_cat":[3474],"product_tag":[],"class_list":{"0":"post-41027592","1":"product","2":"type-product","3":"status-publish","4":"has-post-thumbnail","6":"product_cat-outils-abrasifs-et-diamantes","8":"first","9":"instock","10":"product-type-simple"},"_links":{"self":[{"href":"https:\/\/www.siri.mo.it\/index.php\/wp-json\/wp\/v2\/product\/41027592","targetHints":{"allow":["GET"]}}],"collection":[{"href":"https:\/\/www.siri.mo.it\/index.php\/wp-json\/wp\/v2\/product"}],"about":[{"href":"https:\/\/www.siri.mo.it\/index.php\/wp-json\/wp\/v2\/types\/product"}],"wp:featuredmedia":[{"embeddable":true,"href":"https:\/\/www.siri.mo.it\/index.php\/wp-json\/wp\/v2\/media\/41027584"}],"wp:attachment":[{"href":"https:\/\/www.siri.mo.it\/index.php\/wp-json\/wp\/v2\/media?parent=41027592"}],"wp:term":[{"taxonomy":"product_brand","embeddable":true,"href":"https:\/\/www.siri.mo.it\/index.php\/wp-json\/wp\/v2\/product_brand?post=41027592"},{"taxonomy":"product_cat","embeddable":true,"href":"https:\/\/www.siri.mo.it\/index.php\/wp-json\/wp\/v2\/product_cat?post=41027592"},{"taxonomy":"product_tag","embeddable":true,"href":"https:\/\/www.siri.mo.it\/index.php\/wp-json\/wp\/v2\/product_tag?post=41027592"}],"curies":[{"name":"wp","href":"https:\/\/api.w.org\/{rel}","templated":true}]}}