{"id":41027510,"date":"2025-09-02T15:00:54","date_gmt":"2025-09-02T13:00:54","guid":{"rendered":"https:\/\/www.siri.mo.it\/index.php\/prodotto\/foretti-siri-a-secco-serie-pro-smart-copia\/"},"modified":"2025-09-02T17:34:10","modified_gmt":"2025-09-02T15:34:10","slug":"foretti-siri-a-secco-serie-smart-copia","status":"publish","type":"product","link":"https:\/\/www.siri.mo.it\/index.php\/prodotto\/foretti-siri-a-secco-serie-smart-copia\/?lang=de","title":{"rendered":"TROCKENBOHRER SIRI &#8211; SMART SERIE"},"content":{"rendered":"<div class=\"fusion-content-tb fusion-content-tb-1\">\n<p>Koffer-Kit mit 4 Kernbits erh\u00e4ltlich D. mm 6 \u2013 8 \u2013 10 \u2013 12 Art.SMSMALL<\/p>\n<p>Koffer-Kit mit 6 Kernbits erh\u00e4ltlich D. mm 20 \u2013 22 \u2013 27 \u2013 35 \u2013 56 \u2013 68 Art.SM1000<\/p>\n<p>Wachs zum K\u00fchlen der Fr\u00e4ser erh\u00e4ltlich Art.DS-COOLER<\/p>\n<p>Wir empfehlen, die Bohrer von \u00d8 6 bis 27 mm mit Wasser mit Wasser zu k\u00fchlen.<\/p>\n<\/div>\n","protected":false},"excerpt":{"rendered":"<p>Diamantbohrkronen f\u00fcr Feinsteinzeug, mit zylindrischem Aufsatz zum Trockenbohren mit Schleifmaschine.<\/p>\n<p>\u00d8 mm 6 &#8211; 8 &#8211; 10 &#8211; 12- 16 &#8211; 20 &#8211; 22 &#8211; 27 &#8211; 35 &#8211; 44 &#8211; 56 &#8211; 68 &#8211; 72 &#8211; 82 &#8211; 86 &#8211; 95<\/p>\n","protected":false},"featured_media":41027485,"template":"","meta":[],"product_brand":[],"product_cat":[3482,502],"product_tag":[],"class_list":{"0":"post-41027510","1":"product","2":"type-product","3":"status-publish","4":"has-post-thumbnail","6":"product_cat-diamant-und-schleifwerkzeuge-und-zubehor","7":"product_cat-fliesenbohrmaschinen","9":"first","10":"instock","11":"product-type-simple"},"_links":{"self":[{"href":"https:\/\/www.siri.mo.it\/index.php\/wp-json\/wp\/v2\/product\/41027510","targetHints":{"allow":["GET"]}}],"collection":[{"href":"https:\/\/www.siri.mo.it\/index.php\/wp-json\/wp\/v2\/product"}],"about":[{"href":"https:\/\/www.siri.mo.it\/index.php\/wp-json\/wp\/v2\/types\/product"}],"wp:featuredmedia":[{"embeddable":true,"href":"https:\/\/www.siri.mo.it\/index.php\/wp-json\/wp\/v2\/media\/41027485"}],"wp:attachment":[{"href":"https:\/\/www.siri.mo.it\/index.php\/wp-json\/wp\/v2\/media?parent=41027510"}],"wp:term":[{"taxonomy":"product_brand","embeddable":true,"href":"https:\/\/www.siri.mo.it\/index.php\/wp-json\/wp\/v2\/product_brand?post=41027510"},{"taxonomy":"product_cat","embeddable":true,"href":"https:\/\/www.siri.mo.it\/index.php\/wp-json\/wp\/v2\/product_cat?post=41027510"},{"taxonomy":"product_tag","embeddable":true,"href":"https:\/\/www.siri.mo.it\/index.php\/wp-json\/wp\/v2\/product_tag?post=41027510"}],"curies":[{"name":"wp","href":"https:\/\/api.w.org\/{rel}","templated":true}]}}