{"id":41027509,"date":"2025-09-02T15:00:54","date_gmt":"2025-09-02T13:00:54","guid":{"rendered":"https:\/\/www.siri.mo.it\/index.php\/prodotto\/foretti-siri-a-secco-serie-pro-smart-copia\/"},"modified":"2025-09-02T17:25:07","modified_gmt":"2025-09-02T15:25:07","slug":"foretti-siri-a-secco-serie-smart-copia","status":"publish","type":"product","link":"https:\/\/www.siri.mo.it\/index.php\/prodotto\/foretti-siri-a-secco-serie-smart-copia\/?lang=fr","title":{"rendered":"Fraises \u00e0 sec \u2013 S\u00c9RIE SMART"},"content":{"rendered":"<div class=\"fusion-layout-column fusion_builder_column fusion-builder-column-2 fusion_builder_column_1_2 1_2 fusion-flex-column\">\n<div class=\"fusion-column-wrapper fusion-flex-justify-content-flex-start fusion-content-layout-column\">\n<div class=\"fusion-content-tb fusion-content-tb-1\">\n<p>Disponible une kit valise avec quatre fraises \u00d8 mm 6 \u2013 8 \u2013 10 \u2013 12 Art.SMSMALL<\/p>\n<p>Disponible une kit valise avec six fraises \u00d8 mm 20 \u2013 22 \u2013 27 \u2013 35 \u2013 56 \u2013 68 Art.SM1000<\/p>\n<p>Disponible la cire pour refroidir les forets Art.DS-COOLER<\/p>\n<p>NOUS RECOMMANDONS DE REFROIDIR LES FORETS DE \u00d8 6 \u00c0 27 mm AVEC DE L\u2019EAU.<\/p>\n<\/div>\n<div class=\"fusion-separator fusion-full-width-sep\"><\/div>\n<\/div>\n<\/div>\n<div class=\"fusion-layout-column fusion_builder_column fusion-builder-column-3 fusion_builder_column_1_6 1_6 fusion-flex-column\">\n<div class=\"fusion-column-wrapper fusion-flex-justify-content-flex-start fusion-content-layout-column\">\n<div class=\"fusion-widget-area fusion-widget-area-1 fusion-content-widget-area\">\n<div id=\"nav_menu-3\" class=\"widget widget_nav_menu\">\n<div class=\"menu-fr_categorie-container\"><\/div>\n<\/div>\n<\/div>\n<\/div>\n<\/div>\n","protected":false},"excerpt":{"rendered":"<p>Fraises diamant\u00e9s \u00e0 fixation M 14 pour gr\u00e8s c\u00e9rame, per\u00e7age \u00e0 sec avec meuleuse.<\/p>\n<p>\u00d8 mm 6 &#8211; 8 &#8211; 10 &#8211; 12- 16 &#8211; 20 &#8211; 22 &#8211; 27 &#8211; 35 &#8211; 44 &#8211; 56 &#8211; 68 &#8211; 72 &#8211; 82 &#8211; 86 &#8211; 95<\/p>\n","protected":false},"featured_media":41027484,"template":"","meta":[],"product_brand":[],"product_cat":[3474,501],"product_tag":[],"class_list":{"0":"post-41027509","1":"product","2":"type-product","3":"status-publish","4":"has-post-thumbnail","6":"product_cat-outils-abrasifs-et-diamantes","7":"product_cat-perce-carreaux","9":"first","10":"instock","11":"product-type-simple"},"_links":{"self":[{"href":"https:\/\/www.siri.mo.it\/index.php\/wp-json\/wp\/v2\/product\/41027509","targetHints":{"allow":["GET"]}}],"collection":[{"href":"https:\/\/www.siri.mo.it\/index.php\/wp-json\/wp\/v2\/product"}],"about":[{"href":"https:\/\/www.siri.mo.it\/index.php\/wp-json\/wp\/v2\/types\/product"}],"wp:featuredmedia":[{"embeddable":true,"href":"https:\/\/www.siri.mo.it\/index.php\/wp-json\/wp\/v2\/media\/41027484"}],"wp:attachment":[{"href":"https:\/\/www.siri.mo.it\/index.php\/wp-json\/wp\/v2\/media?parent=41027509"}],"wp:term":[{"taxonomy":"product_brand","embeddable":true,"href":"https:\/\/www.siri.mo.it\/index.php\/wp-json\/wp\/v2\/product_brand?post=41027509"},{"taxonomy":"product_cat","embeddable":true,"href":"https:\/\/www.siri.mo.it\/index.php\/wp-json\/wp\/v2\/product_cat?post=41027509"},{"taxonomy":"product_tag","embeddable":true,"href":"https:\/\/www.siri.mo.it\/index.php\/wp-json\/wp\/v2\/product_tag?post=41027509"}],"curies":[{"name":"wp","href":"https:\/\/api.w.org\/{rel}","templated":true}]}}