{"id":41027380,"date":"2025-09-01T11:51:13","date_gmt":"2025-09-01T09:51:13","guid":{"rendered":"https:\/\/www.siri.mo.it\/index.php\/prodotto\/turbogressiri-gold-dischi-diamantati-ultrasottili-nuovi\/"},"modified":"2025-09-01T17:11:58","modified_gmt":"2025-09-01T15:11:58","slug":"turbogressiri-gold-dischi-diamantati-ultrasottili-nuovi","status":"publish","type":"product","link":"https:\/\/www.siri.mo.it\/index.php\/prodotto\/turbogressiri-gold-dischi-diamantati-ultrasottili-nuovi\/?lang=de","title":{"rendered":"NEU    TURBOGRESSIRI GOLD &#8211; ultrad\u00fcnne Scheiben"},"content":{"rendered":"","protected":false},"excerpt":{"rendered":"<p><strong>NEU Ultrad\u00fcnne Scheiben-Turboklingen, speziell f\u00fcr das Trockenschneiden von Feinsteinzeug entwickelt.\u00a0<\/strong><\/p>\n<p>Art.13371P\u00a0 \u00a0 \u00a0 \u00a0 \u00a0 \u00d8 75 x 22.2 x 1,2 mm\u00a0 \u00a0 \u00a0Trockenschnitt<\/p>\n<p>Art.13371E\u00a0 \u00a0 \u00a0 \u00a0 \u00a0 \u00d8 115 x 22.2 x 1,2 mm\u00a0\u00a0 Trockenschnitt<\/p>\n<p>Art.13371GE\u00a0 \u00a0 \u00a0 \u00a0\u00d8 125 x 22.2 x 1,2 mm\u00a0\u00a0 Trockenschnitt<\/p>\n<p>Art.13374G\u00a0 \u00a0 \u00a0 \u00a0 \u00a0\u00d8 250 x 25.4 x 2,2 mm Wasserschneiden BESSERE LEISTUNG<\/p>\n<p>Art.13375G\u00a0 \u00a0 \u00a0 \u00a0 \u00a0\u00d8 300 x 25.4 x 1,8 mm Wasserschneiden<\/p>\n<p>&nbsp;<\/p>\n<p><strong>NEU &#8211; HIGHRIMSIRI\u00a0 \u00a0Langlebige Klingen, hervorragend f\u00fcr gerade Schnitte, 45\u00b0-Schnitte und Trockenschruppen an Feinsteinzeugfliesen und Naturstein. Verwendung mit einer Schleifmaschine.<\/strong><\/p>\n<p>Art.13373L\u00a0 \u00a0 \u00a0 \u00a0 \u00a0 \u00d8 115 x 22.2 x 1,6 mm Trockenschnitt<\/p>\n<p>Art.13373GL\u00a0 \u00a0 \u00a0 \u00a0\u00d8 125 x 22.2 x 1,6 mm Trockenschnitt<\/p>\n<p>&nbsp;<\/p>\n<p>&nbsp;<\/p>\n<p>&nbsp;<\/p>\n","protected":false},"featured_media":41027391,"template":"","meta":[],"product_brand":[],"product_cat":[535],"product_tag":[],"class_list":{"0":"post-41027380","1":"product","2":"type-product","3":"status-publish","4":"has-post-thumbnail","6":"product_cat-diamantscheiben","8":"first","9":"instock","10":"product-type-simple"},"_links":{"self":[{"href":"https:\/\/www.siri.mo.it\/index.php\/wp-json\/wp\/v2\/product\/41027380","targetHints":{"allow":["GET"]}}],"collection":[{"href":"https:\/\/www.siri.mo.it\/index.php\/wp-json\/wp\/v2\/product"}],"about":[{"href":"https:\/\/www.siri.mo.it\/index.php\/wp-json\/wp\/v2\/types\/product"}],"wp:featuredmedia":[{"embeddable":true,"href":"https:\/\/www.siri.mo.it\/index.php\/wp-json\/wp\/v2\/media\/41027391"}],"wp:attachment":[{"href":"https:\/\/www.siri.mo.it\/index.php\/wp-json\/wp\/v2\/media?parent=41027380"}],"wp:term":[{"taxonomy":"product_brand","embeddable":true,"href":"https:\/\/www.siri.mo.it\/index.php\/wp-json\/wp\/v2\/product_brand?post=41027380"},{"taxonomy":"product_cat","embeddable":true,"href":"https:\/\/www.siri.mo.it\/index.php\/wp-json\/wp\/v2\/product_cat?post=41027380"},{"taxonomy":"product_tag","embeddable":true,"href":"https:\/\/www.siri.mo.it\/index.php\/wp-json\/wp\/v2\/product_tag?post=41027380"}],"curies":[{"name":"wp","href":"https:\/\/api.w.org\/{rel}","templated":true}]}}