{"id":41027379,"date":"2025-09-01T11:51:13","date_gmt":"2025-09-01T09:51:13","guid":{"rendered":"https:\/\/www.siri.mo.it\/index.php\/prodotto\/turbogressiri-gold-dischi-diamantati-ultrasottili-nuovi\/"},"modified":"2025-09-01T17:03:54","modified_gmt":"2025-09-01T15:03:54","slug":"turbogressiri-gold-dischi-diamantati-ultrasottili-nuovi","status":"publish","type":"product","link":"https:\/\/www.siri.mo.it\/index.php\/prodotto\/turbogressiri-gold-dischi-diamantati-ultrasottili-nuovi\/?lang=fr","title":{"rendered":"NOUVEAUX   TURBOGRESSIRI GOLD &#8211; disques turbo minces"},"content":{"rendered":"","protected":false},"excerpt":{"rendered":"<p><strong>NOUVEAUX\u00a0 \u00a0disques turbo ultra-fines \u00e0 coupe vite,\u00a0 pour la coupe \u00e0 sec du gr\u00e8s c\u00e9rame.<\/strong><\/p>\n<p>Art.13371P\u00a0 \u00a0 \u00a0 \u00a0 \u00a0 \u00d8 75 x 22.2 x 1,2 mm\u00a0 \u00a0 \u00a0 coupe \u00e0 sec<\/p>\n<p>Art.13371E\u00a0 \u00a0 \u00a0 \u00a0 \u00a0 \u00d8 115 x 22.2 x 1,2 mm\u00a0 \u00a0 coupe \u00e0 sec<\/p>\n<p>Art.13371GE\u00a0 \u00a0 \u00a0 \u00a0\u00d8 125 x 22.2 x 1,2 mm\u00a0 \u00a0 coupe \u00e0 sec<\/p>\n<p>Art.13374G\u00a0 \u00a0 \u00a0 \u00a0 \u00a0\u00d8 250 x 25.4 x 2,2 mm\u00a0 \u00a0coupe \u00e0 eau\u00a0 \u00a0<strong>MEILLEURES PERFORMANCES<\/strong><\/p>\n<p>Art.13375G\u00a0 \u00a0 \u00a0 \u00a0 \u00a0\u00d8 300 x 25.4 x 1,8 mm\u00a0 \u00a0coupe \u00e0 eau<\/p>\n<p>&nbsp;<\/p>\n<p><strong>NOUVELLES &#8211; HIGHRIMSIRI\u00a0 \u00a0Disque longue dur\u00e9e, excellent pour les coupes lin\u00e9aires, les coupes \u00e0 45\u00b0 et le d\u00e9grossissage \u00e0 sec, sur carrelage en porcelaine et pierre naturelle. Utilisation avec meuleuse.<\/strong><\/p>\n<p>Art.13373L\u00a0 \u00a0 \u00a0 \u00a0 \u00a0 \u00d8 115 x 22.2 x 1,6 mm\u00a0 \u00a0 coupe \u00e0 sec<\/p>\n<p>Art.13373GL\u00a0 \u00a0 \u00a0 \u00a0\u00d8 125 x 22.2 x 1,6 mm\u00a0 \u00a0 coupe \u00e0 sec<\/p>\n<p>&nbsp;<\/p>\n<p>&nbsp;<\/p>\n<p>&nbsp;<\/p>\n","protected":false},"featured_media":41027390,"template":"","meta":[],"product_brand":[],"product_cat":[333],"product_tag":[],"class_list":{"0":"post-41027379","1":"product","2":"type-product","3":"status-publish","4":"has-post-thumbnail","6":"product_cat-dischi-diamantati","8":"first","9":"instock","10":"product-type-simple"},"_links":{"self":[{"href":"https:\/\/www.siri.mo.it\/index.php\/wp-json\/wp\/v2\/product\/41027379","targetHints":{"allow":["GET"]}}],"collection":[{"href":"https:\/\/www.siri.mo.it\/index.php\/wp-json\/wp\/v2\/product"}],"about":[{"href":"https:\/\/www.siri.mo.it\/index.php\/wp-json\/wp\/v2\/types\/product"}],"wp:featuredmedia":[{"embeddable":true,"href":"https:\/\/www.siri.mo.it\/index.php\/wp-json\/wp\/v2\/media\/41027390"}],"wp:attachment":[{"href":"https:\/\/www.siri.mo.it\/index.php\/wp-json\/wp\/v2\/media?parent=41027379"}],"wp:term":[{"taxonomy":"product_brand","embeddable":true,"href":"https:\/\/www.siri.mo.it\/index.php\/wp-json\/wp\/v2\/product_brand?post=41027379"},{"taxonomy":"product_cat","embeddable":true,"href":"https:\/\/www.siri.mo.it\/index.php\/wp-json\/wp\/v2\/product_cat?post=41027379"},{"taxonomy":"product_tag","embeddable":true,"href":"https:\/\/www.siri.mo.it\/index.php\/wp-json\/wp\/v2\/product_tag?post=41027379"}],"curies":[{"name":"wp","href":"https:\/\/api.w.org\/{rel}","templated":true}]}}