{"id":41027332,"date":"2025-08-29T11:35:24","date_gmt":"2025-08-29T09:35:24","guid":{"rendered":"https:\/\/www.siri.mo.it\/index.php\/prodotto\/gresiri-dischi-diamantati-a-settori-ravvicinati\/"},"modified":"2025-08-29T11:58:47","modified_gmt":"2025-08-29T09:58:47","slug":"gresiri-dischi-diamantati-a-settori-ravvicinati","status":"publish","type":"product","link":"https:\/\/www.siri.mo.it\/index.php\/prodotto\/gresiri-dischi-diamantati-a-settori-ravvicinati\/?lang=fr","title":{"rendered":"GRESIRI  disques diamant\u00e9s avec secteurs rapproch\u00e9"},"content":{"rendered":"","protected":false},"excerpt":{"rendered":"<p>Disques diamant\u00e9s avec secteurs rapproch\u00e9, recommand\u00e9 pour couper le gr\u00e8s c\u00e9rame.<\/p>\n<p>Art. 13360SP\u00a0 \u00a0 \u00a0 \u00a0 \u00a0D.250 x 25.4 x 2,2 mm \u2013 coupe \u00e0 l\u2019eau<\/p>\n<p>Art. 13340SP \u00a0 \u00a0 \u00a0 \u00a0 D.300 x 25.4 x 2,5 mm \u2013 coupe \u00e0 l\u2019eau<\/p>\n<p>Art. 13350\u00a0 \u00a0 \u00a0 \u00a0 \u00a0 \u00a0 \u00a0 D.350 x 25.4 x 2,5 mm \u2013 coupe \u00e0 l\u2019eau<\/p>\n<p>&nbsp;<\/p>\n<p>Disques segment\u00e9s recommand\u00e9s pour coupes sur gr\u00e8s c\u00e9rame haute \u00e9paisseur (2 cm)<\/p>\n<p>Art. 13344\u00a0 \u00a0 \u00a0 \u00a0 \u00a0 \u00a0 \u00a0 D.250 x 25.4 x 2,2 mm \u2013 coupe \u00e0 l\u2019eau<\/p>\n<p>Art. 13346\u00a0 \u00a0 \u00a0 \u00a0 \u00a0 \u00a0 \u00a0 D.300 x 25.4 x 2,5 mm \u2013 coupe \u00e0 l\u2019eau<\/p>\n<p>&nbsp;<\/p>\n","protected":false},"featured_media":41009049,"template":"","meta":[],"product_brand":[],"product_cat":[333],"product_tag":[],"class_list":{"0":"post-41027332","1":"product","2":"type-product","3":"status-publish","4":"has-post-thumbnail","6":"product_cat-dischi-diamantati","8":"first","9":"instock","10":"product-type-simple"},"_links":{"self":[{"href":"https:\/\/www.siri.mo.it\/index.php\/wp-json\/wp\/v2\/product\/41027332","targetHints":{"allow":["GET"]}}],"collection":[{"href":"https:\/\/www.siri.mo.it\/index.php\/wp-json\/wp\/v2\/product"}],"about":[{"href":"https:\/\/www.siri.mo.it\/index.php\/wp-json\/wp\/v2\/types\/product"}],"wp:featuredmedia":[{"embeddable":true,"href":"https:\/\/www.siri.mo.it\/index.php\/wp-json\/wp\/v2\/media\/41009049"}],"wp:attachment":[{"href":"https:\/\/www.siri.mo.it\/index.php\/wp-json\/wp\/v2\/media?parent=41027332"}],"wp:term":[{"taxonomy":"product_brand","embeddable":true,"href":"https:\/\/www.siri.mo.it\/index.php\/wp-json\/wp\/v2\/product_brand?post=41027332"},{"taxonomy":"product_cat","embeddable":true,"href":"https:\/\/www.siri.mo.it\/index.php\/wp-json\/wp\/v2\/product_cat?post=41027332"},{"taxonomy":"product_tag","embeddable":true,"href":"https:\/\/www.siri.mo.it\/index.php\/wp-json\/wp\/v2\/product_tag?post=41027332"}],"curies":[{"name":"wp","href":"https:\/\/api.w.org\/{rel}","templated":true}]}}