{"id":41027308,"date":"2025-08-28T16:04:18","date_gmt":"2025-08-28T14:04:18","guid":{"rendered":"https:\/\/www.siri.mo.it\/?post_type=product&#038;p=41027308"},"modified":"2025-08-28T16:33:14","modified_gmt":"2025-08-28T14:33:14","slug":"gressiri-gold-dischi-diamantati-a-corona-continua","status":"publish","type":"product","link":"https:\/\/www.siri.mo.it\/index.php\/prodotto\/gressiri-gold-dischi-diamantati-a-corona-continua\/?lang=es","title":{"rendered":"GRESSIRI Discos de diamante de borde continuo"},"content":{"rendered":"","protected":false},"excerpt":{"rendered":"<p>Corte h\u00famedo de gres porcel\u00e1nico, espesor m\u00e1ximo de corte 10 mm.<\/p>\n<p>Art. 950PP\u00a0 \u00a0 \u00a0D.150 x 25.4 x 1,8 mm \u2013 corte de agua<\/p>\n<p>Art. 100PP\u00a0 \u00a0 \u00a0D.200 x 25.4 x 1,7 mm \u2013 corte de agua<\/p>\n<p>Art. 102PP\u00a0 \u00a0 \u00a0D.230 x 25.4 x 1,7 mm \u2013 corte de agua<\/p>\n<p>Art. 103PP\u00a0 \u00a0 \u00a0D.250 x 25.4 x 1,6 mm \u2013 corte de agua<\/p>\n<p>Art. 92PP\u00a0 \u00a0 \u00a0 \u00a0D.300 x 25.4 x 2,3 mm \u2013 corte de agua<\/p>\n<p>&nbsp;<\/p>\n","protected":false},"featured_media":41017213,"template":"","meta":[],"product_brand":[],"product_cat":[536],"product_tag":[],"class_list":{"0":"post-41027308","1":"product","2":"type-product","3":"status-publish","4":"has-post-thumbnail","6":"product_cat-discos-diamantados","8":"first","9":"instock","10":"product-type-simple"},"_links":{"self":[{"href":"https:\/\/www.siri.mo.it\/index.php\/wp-json\/wp\/v2\/product\/41027308","targetHints":{"allow":["GET"]}}],"collection":[{"href":"https:\/\/www.siri.mo.it\/index.php\/wp-json\/wp\/v2\/product"}],"about":[{"href":"https:\/\/www.siri.mo.it\/index.php\/wp-json\/wp\/v2\/types\/product"}],"wp:featuredmedia":[{"embeddable":true,"href":"https:\/\/www.siri.mo.it\/index.php\/wp-json\/wp\/v2\/media\/41017213"}],"wp:attachment":[{"href":"https:\/\/www.siri.mo.it\/index.php\/wp-json\/wp\/v2\/media?parent=41027308"}],"wp:term":[{"taxonomy":"product_brand","embeddable":true,"href":"https:\/\/www.siri.mo.it\/index.php\/wp-json\/wp\/v2\/product_brand?post=41027308"},{"taxonomy":"product_cat","embeddable":true,"href":"https:\/\/www.siri.mo.it\/index.php\/wp-json\/wp\/v2\/product_cat?post=41027308"},{"taxonomy":"product_tag","embeddable":true,"href":"https:\/\/www.siri.mo.it\/index.php\/wp-json\/wp\/v2\/product_tag?post=41027308"}],"curies":[{"name":"wp","href":"https:\/\/api.w.org\/{rel}","templated":true}]}}