{"id":41027306,"date":"2025-08-28T16:04:18","date_gmt":"2025-08-28T14:04:18","guid":{"rendered":"https:\/\/www.siri.mo.it\/?post_type=product&#038;p=41027306"},"modified":"2025-08-28T16:26:01","modified_gmt":"2025-08-28T14:26:01","slug":"gressiri-gold-dischi-diamantati-a-corona-continua","status":"publish","type":"product","link":"https:\/\/www.siri.mo.it\/index.php\/prodotto\/gressiri-gold-dischi-diamantati-a-corona-continua\/?lang=fr","title":{"rendered":"GRESSIRI disques diamant\u00e9s couronne continue"},"content":{"rendered":"","protected":false},"excerpt":{"rendered":"<p>Coupe \u00e0 eau du gr\u00e8s c\u00e9rame, \u00e9paisseur de coupe maximale 10 mm.<\/p>\n<p>Art. 950PP\u00a0 \u00a0 \u00a0D.150 x 25.4 x 1,8 mm \u2013 coupe \u00e0 l&#8217;eau<\/p>\n<p>Art. 100PP\u00a0 \u00a0 \u00a0D.200 x 25.4 x 1,7 mm \u2013 coupe \u00e0 l&#8217;eau<\/p>\n<p>Art. 102PP\u00a0 \u00a0 \u00a0D.230 x 25.4 x 1,7 mm \u2013 coupe \u00e0 l&#8217;eau<\/p>\n<p>Art. 103PP\u00a0 \u00a0 \u00a0D.250 x 25.4 x 1,6 mm \u2013 coupe \u00e0 l&#8217;eau<\/p>\n<p>Art. 92PP\u00a0 \u00a0 \u00a0 \u00a0D.300 x 25.4 x 2,3 mm \u2013 coupe \u00e0 l&#8217;eau<\/p>\n<p>&nbsp;<\/p>\n","protected":false},"featured_media":41017211,"template":"","meta":[],"product_brand":[],"product_cat":[534],"product_tag":[],"class_list":{"0":"post-41027306","1":"product","2":"type-product","3":"status-publish","4":"has-post-thumbnail","6":"product_cat-disques-diamantes","8":"first","9":"instock","10":"product-type-simple"},"_links":{"self":[{"href":"https:\/\/www.siri.mo.it\/index.php\/wp-json\/wp\/v2\/product\/41027306","targetHints":{"allow":["GET"]}}],"collection":[{"href":"https:\/\/www.siri.mo.it\/index.php\/wp-json\/wp\/v2\/product"}],"about":[{"href":"https:\/\/www.siri.mo.it\/index.php\/wp-json\/wp\/v2\/types\/product"}],"wp:featuredmedia":[{"embeddable":true,"href":"https:\/\/www.siri.mo.it\/index.php\/wp-json\/wp\/v2\/media\/41017211"}],"wp:attachment":[{"href":"https:\/\/www.siri.mo.it\/index.php\/wp-json\/wp\/v2\/media?parent=41027306"}],"wp:term":[{"taxonomy":"product_brand","embeddable":true,"href":"https:\/\/www.siri.mo.it\/index.php\/wp-json\/wp\/v2\/product_brand?post=41027306"},{"taxonomy":"product_cat","embeddable":true,"href":"https:\/\/www.siri.mo.it\/index.php\/wp-json\/wp\/v2\/product_cat?post=41027306"},{"taxonomy":"product_tag","embeddable":true,"href":"https:\/\/www.siri.mo.it\/index.php\/wp-json\/wp\/v2\/product_tag?post=41027306"}],"curies":[{"name":"wp","href":"https:\/\/api.w.org\/{rel}","templated":true}]}}