{"id":41027302,"date":"2025-08-28T13:59:42","date_gmt":"2025-08-28T11:59:42","guid":{"rendered":"https:\/\/www.siri.mo.it\/?post_type=product&#038;p=41027302"},"modified":"2025-08-29T17:26:10","modified_gmt":"2025-08-29T15:26:10","slug":"turbosiri-discos-de-diamante-turbo-de-corona-continua","status":"publish","type":"product","link":"https:\/\/www.siri.mo.it\/index.php\/prodotto\/turbosiri-discos-de-diamante-turbo-de-corona-continua\/?lang=es","title":{"rendered":"TURBOSIRI discos de diamante turbo de corona continua"},"content":{"rendered":"","protected":false},"excerpt":{"rendered":"<p>Disco de diamante turbo, para corte h\u00famedo de cer\u00e1mica, terracota, m\u00e1rmol, hormig\u00f3n y piedra.<\/p>\n<p>Art. 901\/TN\u00a0 D.115 x 22.2 x 2,2 mm \u2013 corte en seco<\/p>\n<p>Art. 902\/T\u00a0 \u00a0 \u00a0D.200 x 25.4 x 2,7 mm \u2013 corte con agua<\/p>\n<p>Art. 107\/TN\u00a0 D.230 x 22.2 x 2,7 mm \u2013 corte en seco<\/p>\n<p>Art. 902\u00a0 \u00a0 \u00a0 \u00a0 \u00a0D.230 x 22.2 x 2,9 mm \u2013 corte en seco<\/p>\n<p>Art. 903\u00a0 \u00a0 \u00a0 \u00a0 \u00a0D.250 x 25.4 x 2,3 mm \u2013 corte con agua<\/p>\n<p>Art. 105\/T\u00a0 \u00a0 \u00a0D.300 x 25.4 x 3,2 mm \u2013 corte con agua<\/p>\n<p>&nbsp;<\/p>\n","protected":false},"featured_media":41009106,"template":"","meta":[],"product_brand":[],"product_cat":[333],"product_tag":[],"class_list":{"0":"post-41027302","1":"product","2":"type-product","3":"status-publish","4":"has-post-thumbnail","6":"product_cat-dischi-diamantati","8":"first","9":"instock","10":"product-type-simple"},"_links":{"self":[{"href":"https:\/\/www.siri.mo.it\/index.php\/wp-json\/wp\/v2\/product\/41027302","targetHints":{"allow":["GET"]}}],"collection":[{"href":"https:\/\/www.siri.mo.it\/index.php\/wp-json\/wp\/v2\/product"}],"about":[{"href":"https:\/\/www.siri.mo.it\/index.php\/wp-json\/wp\/v2\/types\/product"}],"wp:featuredmedia":[{"embeddable":true,"href":"https:\/\/www.siri.mo.it\/index.php\/wp-json\/wp\/v2\/media\/41009106"}],"wp:attachment":[{"href":"https:\/\/www.siri.mo.it\/index.php\/wp-json\/wp\/v2\/media?parent=41027302"}],"wp:term":[{"taxonomy":"product_brand","embeddable":true,"href":"https:\/\/www.siri.mo.it\/index.php\/wp-json\/wp\/v2\/product_brand?post=41027302"},{"taxonomy":"product_cat","embeddable":true,"href":"https:\/\/www.siri.mo.it\/index.php\/wp-json\/wp\/v2\/product_cat?post=41027302"},{"taxonomy":"product_tag","embeddable":true,"href":"https:\/\/www.siri.mo.it\/index.php\/wp-json\/wp\/v2\/product_tag?post=41027302"}],"curies":[{"name":"wp","href":"https:\/\/api.w.org\/{rel}","templated":true}]}}