{"id":41027170,"date":"2025-08-06T16:51:02","date_gmt":"2025-08-06T14:51:02","guid":{"rendered":"https:\/\/www.siri.mo.it\/?post_type=product&#038;p=41027170"},"modified":"2025-09-10T14:52:18","modified_gmt":"2025-09-10T12:52:18","slug":"brazeddiscs-art-4410-4420","status":"publish","type":"product","link":"https:\/\/www.siri.mo.it\/index.php\/prodotto\/brazeddiscs-art-4410-4420\/?lang=fr","title":{"rendered":"BRAZEDDISCS Art.4410 &#8211; 4420"},"content":{"rendered":"","protected":false},"excerpt":{"rendered":"<p><strong>BRAZEDDISCS Disques diamant\u00e9s pour le pon\u00e7age du gr\u00e8s c\u00e9rame et de la pierre naturelle, utilisation \u00e0 sec.<\/strong><\/p>\n<p>Ces disques diamant\u00e9s s&#8217;utilisent avec la meuleuse et conviennent au pon\u00e7age \u00e0 sec des bords et des surfaces en gr\u00e8s c\u00e9rame ou en pierre<br \/>\nnaturelle. La vitesse de fonctionnement maximale recommand\u00e9e est de 15 300 tr\/min.<\/p>\n<p>art.4410 BRAZEDDISC\u00a0 d.115 mm\u00a0 RPM 14000<\/p>\n<p>art.4420 BRAZEDDISC\u00a0 d.125 mm\u00a0 RPM 14000<\/p>\n","protected":false},"featured_media":41027167,"template":"","meta":[],"product_brand":[],"product_cat":[3482],"product_tag":[],"class_list":{"0":"post-41027170","1":"product","2":"type-product","3":"status-publish","4":"has-post-thumbnail","6":"product_cat-diamant-und-schleifwerkzeuge-und-zubehor","8":"first","9":"instock","10":"product-type-simple"},"_links":{"self":[{"href":"https:\/\/www.siri.mo.it\/index.php\/wp-json\/wp\/v2\/product\/41027170","targetHints":{"allow":["GET"]}}],"collection":[{"href":"https:\/\/www.siri.mo.it\/index.php\/wp-json\/wp\/v2\/product"}],"about":[{"href":"https:\/\/www.siri.mo.it\/index.php\/wp-json\/wp\/v2\/types\/product"}],"wp:featuredmedia":[{"embeddable":true,"href":"https:\/\/www.siri.mo.it\/index.php\/wp-json\/wp\/v2\/media\/41027167"}],"wp:attachment":[{"href":"https:\/\/www.siri.mo.it\/index.php\/wp-json\/wp\/v2\/media?parent=41027170"}],"wp:term":[{"taxonomy":"product_brand","embeddable":true,"href":"https:\/\/www.siri.mo.it\/index.php\/wp-json\/wp\/v2\/product_brand?post=41027170"},{"taxonomy":"product_cat","embeddable":true,"href":"https:\/\/www.siri.mo.it\/index.php\/wp-json\/wp\/v2\/product_cat?post=41027170"},{"taxonomy":"product_tag","embeddable":true,"href":"https:\/\/www.siri.mo.it\/index.php\/wp-json\/wp\/v2\/product_tag?post=41027170"}],"curies":[{"name":"wp","href":"https:\/\/api.w.org\/{rel}","templated":true}]}}