{"id":41027064,"date":"2025-08-05T15:37:47","date_gmt":"2025-08-05T13:37:47","guid":{"rendered":"https:\/\/www.siri.mo.it\/index.php\/prodotto\/siri-jolly-pro-art-6245\/"},"modified":"2025-08-05T16:29:09","modified_gmt":"2025-08-05T14:29:09","slug":"siri-jolly-pro-art-6245","status":"publish","type":"product","link":"https:\/\/www.siri.mo.it\/index.php\/prodotto\/siri-jolly-pro-art-6245\/?lang=de","title":{"rendered":"SIRI JOLLY PRO &#8211; Art. 6245"},"content":{"rendered":"","protected":false},"excerpt":{"rendered":"<p>SIRI JOLLY PRO ist ein Zubeh\u00f6r zum 45\u00b0-Waschen mit einem Schwamm, einem Steinzeug und einer Platte aus Feinsteinzeug, Terrazzo, Marmor und Stein. Der Filter steht auf einem stabilen Sockel, der auf den Steinzeugboden mit Polyethylen-Tamponen passt. Die Tiefe (massives Gewicht des Steinzeugbodens) von 20 mm und der Winkel (von 40\u00b0 bis 50\u00b0) k\u00f6nnen je nach Waschbedarf eingestellt werden. Wenn der Winkel auf 45\u00b0 genau ist, lassen Sie bitte ausreichend Platz. SIRI JOLLY PRO l\u00e4sst sich dank der M14-Befestigung einfach auf den Winkelaufnahmen f\u00fcr Scheiben mit \u00d8 125 oder 115 mm montieren. Um welches Ger\u00e4t handelt es sich?<br \/>\nDer Filter ist f\u00fcr die Verwendung mit einem Staubsauger und dem mitgelieferten Schlauchaufsatz vorbereitet. Das maximale Gewicht des Waschmaterials betr\u00e4gt 20 mm. SIRI<br \/>\nJOLLY PRO verwendet eine spezielle Scheibe mit \u00d8 125 mm und einem 30-mm-Bohrer (im Lieferumfang enthalten). Die Funktion des Tags in umgekehrter Position ist auf das Element des Tags abgestimmt.<br \/>\nPiccole-Abmessung mit einer Neigung von weniger als 45 Grad.<\/p>\n","protected":false},"featured_media":41027060,"template":"","meta":[],"product_brand":[],"product_cat":[496],"product_tag":[],"class_list":{"0":"post-41027064","1":"product","2":"type-product","3":"status-publish","4":"has-post-thumbnail","6":"product_cat-siriset-3-de","8":"first","9":"instock","10":"product-type-simple"},"_links":{"self":[{"href":"https:\/\/www.siri.mo.it\/index.php\/wp-json\/wp\/v2\/product\/41027064","targetHints":{"allow":["GET"]}}],"collection":[{"href":"https:\/\/www.siri.mo.it\/index.php\/wp-json\/wp\/v2\/product"}],"about":[{"href":"https:\/\/www.siri.mo.it\/index.php\/wp-json\/wp\/v2\/types\/product"}],"wp:featuredmedia":[{"embeddable":true,"href":"https:\/\/www.siri.mo.it\/index.php\/wp-json\/wp\/v2\/media\/41027060"}],"wp:attachment":[{"href":"https:\/\/www.siri.mo.it\/index.php\/wp-json\/wp\/v2\/media?parent=41027064"}],"wp:term":[{"taxonomy":"product_brand","embeddable":true,"href":"https:\/\/www.siri.mo.it\/index.php\/wp-json\/wp\/v2\/product_brand?post=41027064"},{"taxonomy":"product_cat","embeddable":true,"href":"https:\/\/www.siri.mo.it\/index.php\/wp-json\/wp\/v2\/product_cat?post=41027064"},{"taxonomy":"product_tag","embeddable":true,"href":"https:\/\/www.siri.mo.it\/index.php\/wp-json\/wp\/v2\/product_tag?post=41027064"}],"curies":[{"name":"wp","href":"https:\/\/api.w.org\/{rel}","templated":true}]}}