{"id":41026977,"date":"2025-08-04T17:34:21","date_gmt":"2025-08-04T15:34:21","guid":{"rendered":"https:\/\/www.siri.mo.it\/index.php\/prodotto\/siri-trolley-max-art-6330k\/"},"modified":"2025-08-05T09:38:39","modified_gmt":"2025-08-05T07:38:39","slug":"siri-trolley-max-art-6330k","status":"publish","type":"product","link":"https:\/\/www.siri.mo.it\/index.php\/prodotto\/siri-trolley-max-art-6330k\/?lang=es","title":{"rendered":"SIRI TROLLEY MAX  art.6330K"},"content":{"rendered":"<p>Cuenta con 4 ruedas de goma y dos posiciones de carga para las losas, una base de madera antideslizante y cierres de seguridad.<\/p>\n<p>El SiriTrolley se suministra desmontado para facilitar su transporte.<\/p>\n","protected":false},"excerpt":{"rendered":"<p>Siri Trolley es un carro de aluminio estable y ligero para la manipulaci\u00f3n de losas de gran formato. Cuenta con cuatro ruedas de goma, dos posiciones de carga para las losas, una base de madera antideslizante y topes de seguridad para las losas. Siri Trolley se suministra premontado para facilitar su transporte. Est\u00e1 disponible en la versi\u00f3n est\u00e1ndar (art\u00edculo 6330) con una capacidad de carga m\u00e1xima de 150 kg, y en la versi\u00f3n reforzada (art\u00edculo 6330K) con una capacidad de carga m\u00e1xima de 200 kg.<\/p>\n","protected":false},"featured_media":41026948,"template":"","meta":[],"product_brand":[],"product_cat":[497],"product_tag":[],"class_list":{"0":"post-41026977","1":"product","2":"type-product","3":"status-publish","4":"has-post-thumbnail","6":"product_cat-siriset-3-es","8":"first","9":"instock","10":"product-type-simple"},"_links":{"self":[{"href":"https:\/\/www.siri.mo.it\/index.php\/wp-json\/wp\/v2\/product\/41026977","targetHints":{"allow":["GET"]}}],"collection":[{"href":"https:\/\/www.siri.mo.it\/index.php\/wp-json\/wp\/v2\/product"}],"about":[{"href":"https:\/\/www.siri.mo.it\/index.php\/wp-json\/wp\/v2\/types\/product"}],"wp:featuredmedia":[{"embeddable":true,"href":"https:\/\/www.siri.mo.it\/index.php\/wp-json\/wp\/v2\/media\/41026948"}],"wp:attachment":[{"href":"https:\/\/www.siri.mo.it\/index.php\/wp-json\/wp\/v2\/media?parent=41026977"}],"wp:term":[{"taxonomy":"product_brand","embeddable":true,"href":"https:\/\/www.siri.mo.it\/index.php\/wp-json\/wp\/v2\/product_brand?post=41026977"},{"taxonomy":"product_cat","embeddable":true,"href":"https:\/\/www.siri.mo.it\/index.php\/wp-json\/wp\/v2\/product_cat?post=41026977"},{"taxonomy":"product_tag","embeddable":true,"href":"https:\/\/www.siri.mo.it\/index.php\/wp-json\/wp\/v2\/product_tag?post=41026977"}],"curies":[{"name":"wp","href":"https:\/\/api.w.org\/{rel}","templated":true}]}}