{"id":41026976,"date":"2025-08-04T17:34:21","date_gmt":"2025-08-04T15:34:21","guid":{"rendered":"https:\/\/www.siri.mo.it\/index.php\/prodotto\/siri-trolley-max-art-6330k\/"},"modified":"2025-08-05T09:29:09","modified_gmt":"2025-08-05T07:29:09","slug":"siri-trolley-max-art-6330k","status":"publish","type":"product","link":"https:\/\/www.siri.mo.it\/index.php\/prodotto\/siri-trolley-max-art-6330k\/?lang=de","title":{"rendered":"SIRI TROLLEY MAX  art.6330K"},"content":{"rendered":"<p>Er verf\u00fcgt \u00fcber vier Gummir\u00e4der, zwei Ladepositionen f\u00fcr die Platten, einen rutschfesten Holzboden und Sicherheitsverschl\u00fcsse.<\/p>\n<p>Der SiriTrolley wird f\u00fcr einen einfachen Transport unmontiert geliefert.<\/p>\n","protected":false},"excerpt":{"rendered":"<p>Der Siri Trolley ist ein stabiler und leichter Aluminiumwagen f\u00fcr die Handhabung gro\u00dfformatiger Platten. Er verf\u00fcgt \u00fcber vier Gummir\u00e4der, zwei Plattenladepositionen, eine rutschfeste Holzbasis und Sicherheitsanschl\u00e4ge f\u00fcr die Platten. Der Siri Trolley wird f\u00fcr einen einfachen Transport vormontiert geliefert. Er ist in der Standardausf\u00fchrung (Artikelnummer 6330) mit einer maximalen Tragf\u00e4higkeit von 150 kg und in der verst\u00e4rkten Ausf\u00fchrung (Artikelnummer 6330K) mit einer maximalen Tragf\u00e4higkeit von 200 kg erh\u00e4ltlich.<\/p>\n","protected":false},"featured_media":41026947,"template":"","meta":[],"product_brand":[],"product_cat":[496],"product_tag":[],"class_list":{"0":"post-41026976","1":"product","2":"type-product","3":"status-publish","4":"has-post-thumbnail","6":"product_cat-siriset-3-de","8":"first","9":"instock","10":"product-type-simple"},"_links":{"self":[{"href":"https:\/\/www.siri.mo.it\/index.php\/wp-json\/wp\/v2\/product\/41026976","targetHints":{"allow":["GET"]}}],"collection":[{"href":"https:\/\/www.siri.mo.it\/index.php\/wp-json\/wp\/v2\/product"}],"about":[{"href":"https:\/\/www.siri.mo.it\/index.php\/wp-json\/wp\/v2\/types\/product"}],"wp:featuredmedia":[{"embeddable":true,"href":"https:\/\/www.siri.mo.it\/index.php\/wp-json\/wp\/v2\/media\/41026947"}],"wp:attachment":[{"href":"https:\/\/www.siri.mo.it\/index.php\/wp-json\/wp\/v2\/media?parent=41026976"}],"wp:term":[{"taxonomy":"product_brand","embeddable":true,"href":"https:\/\/www.siri.mo.it\/index.php\/wp-json\/wp\/v2\/product_brand?post=41026976"},{"taxonomy":"product_cat","embeddable":true,"href":"https:\/\/www.siri.mo.it\/index.php\/wp-json\/wp\/v2\/product_cat?post=41026976"},{"taxonomy":"product_tag","embeddable":true,"href":"https:\/\/www.siri.mo.it\/index.php\/wp-json\/wp\/v2\/product_tag?post=41026976"}],"curies":[{"name":"wp","href":"https:\/\/api.w.org\/{rel}","templated":true}]}}