{"id":41026934,"date":"2025-08-04T16:41:30","date_gmt":"2025-08-04T14:41:30","guid":{"rendered":"https:\/\/www.siri.mo.it\/index.php\/prodotto\/siri-lifter-art-6610\/"},"modified":"2025-08-06T11:39:04","modified_gmt":"2025-08-06T09:39:04","slug":"siri-lifter-art-6610","status":"publish","type":"product","link":"https:\/\/www.siri.mo.it\/index.php\/prodotto\/siri-lifter-art-6610\/?lang=de","title":{"rendered":"SIRI LIFTER ELECTRIC art.6610"},"content":{"rendered":"<p><a href=\"https:\/\/www.siri.mo.it\/wp-content\/uploads\/2024\/10\/SIRI-LIFTER-ENG-LR.pdf\">SIRI LIFTER ENG LR<\/a><\/p>\n","protected":false},"excerpt":{"rendered":"<p>Hebesystem f\u00fcr Gro\u00dfformate bis maximal 320 x 180 cm. Rahmen in der L\u00e4nge von 200 bis 320 cm und in der Breite von 100 bis 160 cm verstellbar. Ausgestattet mit pumpenbetriebenen Saugn\u00e4pfen (\u00d8 200 mm, elektrische Saugn\u00e4pfe auf Anfrage erh\u00e4ltlich) f\u00fcr raue und glatte Oberfl\u00e4chen, einem Sicherheitssystem und einem verstellbaren Griff. Die maximale Hublast betr\u00e4gt 170 kg.<\/p>\n","protected":false},"featured_media":41026218,"template":"","meta":[],"product_brand":[],"product_cat":[370],"product_tag":[],"class_list":{"0":"post-41026934","1":"product","2":"type-product","3":"status-publish","4":"has-post-thumbnail","6":"product_cat-siriset-3","8":"first","9":"instock","10":"product-type-simple"},"_links":{"self":[{"href":"https:\/\/www.siri.mo.it\/index.php\/wp-json\/wp\/v2\/product\/41026934","targetHints":{"allow":["GET"]}}],"collection":[{"href":"https:\/\/www.siri.mo.it\/index.php\/wp-json\/wp\/v2\/product"}],"about":[{"href":"https:\/\/www.siri.mo.it\/index.php\/wp-json\/wp\/v2\/types\/product"}],"wp:featuredmedia":[{"embeddable":true,"href":"https:\/\/www.siri.mo.it\/index.php\/wp-json\/wp\/v2\/media\/41026218"}],"wp:attachment":[{"href":"https:\/\/www.siri.mo.it\/index.php\/wp-json\/wp\/v2\/media?parent=41026934"}],"wp:term":[{"taxonomy":"product_brand","embeddable":true,"href":"https:\/\/www.siri.mo.it\/index.php\/wp-json\/wp\/v2\/product_brand?post=41026934"},{"taxonomy":"product_cat","embeddable":true,"href":"https:\/\/www.siri.mo.it\/index.php\/wp-json\/wp\/v2\/product_cat?post=41026934"},{"taxonomy":"product_tag","embeddable":true,"href":"https:\/\/www.siri.mo.it\/index.php\/wp-json\/wp\/v2\/product_tag?post=41026934"}],"curies":[{"name":"wp","href":"https:\/\/api.w.org\/{rel}","templated":true}]}}