{"id":41026925,"date":"2025-08-04T15:41:47","date_gmt":"2025-08-04T13:41:47","guid":{"rendered":"https:\/\/www.siri.mo.it\/?post_type=product&#038;p=41026925"},"modified":"2025-08-04T16:16:57","modified_gmt":"2025-08-04T14:16:57","slug":"art-31600-siri-lift","status":"publish","type":"product","link":"https:\/\/www.siri.mo.it\/index.php\/prodotto\/art-31600-siri-lift\/?lang=es","title":{"rendered":"Art.31600  SIRI LIFT"},"content":{"rendered":"<p>Bomba el\u00e9ctrica de vac\u00edo con ventosa SIRI LIFT con bater\u00eda para el funcionamiento de la bomba de vac\u00edo.<\/p>\n","protected":false},"excerpt":{"rendered":"<p>Ventosa de \u00d8 205 mm con bomba el\u00e9ctrica para la manipulaci\u00f3n de baldosas de gran formato con superficies lisas, rugosas y texturizadas.<br \/>\nEstructura met\u00e1lica. Al activarse, la bomba mantiene un vac\u00edo permanente, lo que garantiza la seguridad.<br \/>\nLa ventosa SIRI PULL est\u00e1 equipada con:<br \/>\n&#8211; Bater\u00eda con bot\u00f3n de encendido\/apagado y pantalla digital de capacidad.<\/p>\n<p>Carga m\u00e1xima horizontal: 158 kg.<br \/>\nCarga m\u00e1xima vertical: 128 kg.<br \/>\nBater\u00eda de 2600 Ah; 5 horas de carga completa con un cargador de 5 V y 0,5 A.<br \/>\nSe suministra con protecci\u00f3n de goma y estuche.<\/p>\n","protected":false},"featured_media":41026921,"template":"","meta":[],"product_brand":[],"product_cat":[370,3538],"product_tag":[],"class_list":{"0":"post-41026925","1":"product","2":"type-product","3":"status-publish","4":"has-post-thumbnail","6":"product_cat-siriset-3","7":"product_cat-ventose-per-grandi-formati","9":"first","10":"instock","11":"product-type-simple"},"_links":{"self":[{"href":"https:\/\/www.siri.mo.it\/index.php\/wp-json\/wp\/v2\/product\/41026925","targetHints":{"allow":["GET"]}}],"collection":[{"href":"https:\/\/www.siri.mo.it\/index.php\/wp-json\/wp\/v2\/product"}],"about":[{"href":"https:\/\/www.siri.mo.it\/index.php\/wp-json\/wp\/v2\/types\/product"}],"wp:featuredmedia":[{"embeddable":true,"href":"https:\/\/www.siri.mo.it\/index.php\/wp-json\/wp\/v2\/media\/41026921"}],"wp:attachment":[{"href":"https:\/\/www.siri.mo.it\/index.php\/wp-json\/wp\/v2\/media?parent=41026925"}],"wp:term":[{"taxonomy":"product_brand","embeddable":true,"href":"https:\/\/www.siri.mo.it\/index.php\/wp-json\/wp\/v2\/product_brand?post=41026925"},{"taxonomy":"product_cat","embeddable":true,"href":"https:\/\/www.siri.mo.it\/index.php\/wp-json\/wp\/v2\/product_cat?post=41026925"},{"taxonomy":"product_tag","embeddable":true,"href":"https:\/\/www.siri.mo.it\/index.php\/wp-json\/wp\/v2\/product_tag?post=41026925"}],"curies":[{"name":"wp","href":"https:\/\/api.w.org\/{rel}","templated":true}]}}