{"id":41026923,"date":"2025-08-04T15:41:47","date_gmt":"2025-08-04T13:41:47","guid":{"rendered":"https:\/\/www.siri.mo.it\/?post_type=product&#038;p=41026923"},"modified":"2025-08-04T16:07:41","modified_gmt":"2025-08-04T14:07:41","slug":"art-31600-siri-lift","status":"publish","type":"product","link":"https:\/\/www.siri.mo.it\/index.php\/prodotto\/art-31600-siri-lift\/?lang=fr","title":{"rendered":"Art.31600  SIRI LIFT"},"content":{"rendered":"<p>SIRI LIFT Ventouses \u00e0 pompe \u00e9lectrique avec batterie pour activer la pompe \u00e0 vide.<\/p>\n","protected":false},"excerpt":{"rendered":"<p>Ventouse \u00d8 205 mm avec pompe \u00e9lectrique, pour la manipulation de<br \/>\ncarreaux de grand format \u00e0 surfaces lisses, rugueuses et structur\u00e9es.<br \/>\nChassis en m\u00e9tal. La pompe, lorsqu&#8217;elle est activ\u00e9e, maintient le vide<br \/>\nen permanence, pour garantir la s\u00e9curit\u00e9.<br \/>\nLa ventouse SIRI PULL est \u00e9quip\u00e9e de:<br \/>\n&#8211; Batterie avec bouton ON\/OFF et indication num\u00e9rique de capacit\u00e9<br \/>\nde la batterie.<br \/>\nCharge horizontale maximale Kg 158.<br \/>\nCharge verticale maximale Kg 128.<br \/>\nBatterie 2600Ah, 5 heures pour une charge compl\u00e8te avec un chargeur<br \/>\nde batterie 5V 0,5 A.<br \/>\nLivr\u00e9 avec protection en caoutchouc et valise.<\/p>\n","protected":false},"featured_media":41026919,"template":"","meta":[],"product_brand":[],"product_cat":[370,3538],"product_tag":[],"class_list":{"0":"post-41026923","1":"product","2":"type-product","3":"status-publish","4":"has-post-thumbnail","6":"product_cat-siriset-3","7":"product_cat-ventose-per-grandi-formati","9":"first","10":"instock","11":"product-type-simple"},"_links":{"self":[{"href":"https:\/\/www.siri.mo.it\/index.php\/wp-json\/wp\/v2\/product\/41026923","targetHints":{"allow":["GET"]}}],"collection":[{"href":"https:\/\/www.siri.mo.it\/index.php\/wp-json\/wp\/v2\/product"}],"about":[{"href":"https:\/\/www.siri.mo.it\/index.php\/wp-json\/wp\/v2\/types\/product"}],"wp:featuredmedia":[{"embeddable":true,"href":"https:\/\/www.siri.mo.it\/index.php\/wp-json\/wp\/v2\/media\/41026919"}],"wp:attachment":[{"href":"https:\/\/www.siri.mo.it\/index.php\/wp-json\/wp\/v2\/media?parent=41026923"}],"wp:term":[{"taxonomy":"product_brand","embeddable":true,"href":"https:\/\/www.siri.mo.it\/index.php\/wp-json\/wp\/v2\/product_brand?post=41026923"},{"taxonomy":"product_cat","embeddable":true,"href":"https:\/\/www.siri.mo.it\/index.php\/wp-json\/wp\/v2\/product_cat?post=41026923"},{"taxonomy":"product_tag","embeddable":true,"href":"https:\/\/www.siri.mo.it\/index.php\/wp-json\/wp\/v2\/product_tag?post=41026923"}],"curies":[{"name":"wp","href":"https:\/\/api.w.org\/{rel}","templated":true}]}}