{"id":41026915,"date":"2025-08-04T15:38:46","date_gmt":"2025-08-04T13:38:46","guid":{"rendered":"https:\/\/www.siri.mo.it\/index.php\/prodotto\/art-31400-siri-pull\/"},"modified":"2025-08-04T15:41:01","modified_gmt":"2025-08-04T13:41:01","slug":"art-31400-siri-pull","status":"publish","type":"product","link":"https:\/\/www.siri.mo.it\/index.php\/prodotto\/art-31400-siri-pull\/?lang=es","title":{"rendered":"Art.31400 SIRI PULL"},"content":{"rendered":"<p>Bomba el\u00e9ctrica de succi\u00f3n SIRI PULL con pantalla digital de estado de presi\u00f3n<\/p>\n","protected":false},"excerpt":{"rendered":"<p>Ventosa de \u00d8 220 mm con bomba el\u00e9ctrica y pantalla digital, para la manipulaci\u00f3n de baldosas de gran formato con superficies lisas, rugosas y texturizadas. Mango de goma y estructura de nailon reforzado.<br \/>\nAl activarse, la bomba mantiene un vac\u00edo permanente, lo que garantiza la seguridad.<br \/>\nLa ventosa SIRI PULL est\u00e1 equipada con una pantalla digital que muestra el caudal y dos botones: uno para encender y apagar la bomba el\u00e9ctrica de vac\u00edo y otro para liberar el vac\u00edo.<br \/>\nCarga m\u00e1xima horizontal: 200 kg.<br \/>\nCarga m\u00e1xima vertical: 150 kg.<br \/>\nBater\u00eda de 3,7 V &#8211; 2 Ah, puerto de carga USB-C, con una carga m\u00e1xima permitida de 5 V &#8211; 2 A.<br \/>\nSe suministra con protecci\u00f3n de goma y estuche de transporte.<\/p>\n","protected":false},"featured_media":41026910,"template":"","meta":[],"product_brand":[],"product_cat":[370],"product_tag":[],"class_list":{"0":"post-41026915","1":"product","2":"type-product","3":"status-publish","4":"has-post-thumbnail","6":"product_cat-siriset-3","8":"first","9":"instock","10":"product-type-simple"},"_links":{"self":[{"href":"https:\/\/www.siri.mo.it\/index.php\/wp-json\/wp\/v2\/product\/41026915","targetHints":{"allow":["GET"]}}],"collection":[{"href":"https:\/\/www.siri.mo.it\/index.php\/wp-json\/wp\/v2\/product"}],"about":[{"href":"https:\/\/www.siri.mo.it\/index.php\/wp-json\/wp\/v2\/types\/product"}],"wp:featuredmedia":[{"embeddable":true,"href":"https:\/\/www.siri.mo.it\/index.php\/wp-json\/wp\/v2\/media\/41026910"}],"wp:attachment":[{"href":"https:\/\/www.siri.mo.it\/index.php\/wp-json\/wp\/v2\/media?parent=41026915"}],"wp:term":[{"taxonomy":"product_brand","embeddable":true,"href":"https:\/\/www.siri.mo.it\/index.php\/wp-json\/wp\/v2\/product_brand?post=41026915"},{"taxonomy":"product_cat","embeddable":true,"href":"https:\/\/www.siri.mo.it\/index.php\/wp-json\/wp\/v2\/product_cat?post=41026915"},{"taxonomy":"product_tag","embeddable":true,"href":"https:\/\/www.siri.mo.it\/index.php\/wp-json\/wp\/v2\/product_tag?post=41026915"}],"curies":[{"name":"wp","href":"https:\/\/api.w.org\/{rel}","templated":true}]}}