{"id":41026694,"date":"2024-10-25T17:25:34","date_gmt":"2024-10-25T15:25:34","guid":{"rendered":"https:\/\/www.siri.mo.it\/?post_type=product&#038;p=41026694"},"modified":"2025-08-06T16:08:52","modified_gmt":"2025-08-06T14:08:52","slug":"fresas-de-diamante-para-desbaste","status":"publish","type":"product","link":"https:\/\/www.siri.mo.it\/index.php\/prodotto\/fresas-de-diamante-para-desbaste\/?lang=es","title":{"rendered":"HERRAMIENTAS PARA PERFILES Art.9022 \u2013 9023 \u2013 9024"},"content":{"rendered":"","protected":false},"excerpt":{"rendered":"<p>FRESAS DE DIAMANTE PARA PERFILAR Para desbastar cantos en gres porcel\u00e1nico, granito, m\u00e1rmol, hormig\u00f3n y piedra. Para uso en h\u00famedo.<\/p>\n<p>Perfiladores de 180\u00b0 (punta redondeada), 90\u00b0 y 45\u00b0 para alisar cantos redondeados en encimeras de cocina, escalones, piscinas y bordillos. Husillo M14 para adaptar a una amoladora. Con disco de tefl\u00f3n para un mejor posicionamiento durante el uso.<\/p>\n<p>Art\u00edculo 9022 Perfilador de 180\u00b0, di\u00e1metro 115 mm, RPM 14.000<\/p>\n<p>Art\u00edculo 9023 Perfilador de\u00a0 90\u00b0, di\u00e1metro 115 mm, RPM 14.000<\/p>\n<p>Art\u00edculo 9023 Perfilador de\u00a0 45\u00b0, di\u00e1metro 115 mm, RPM 14.000<\/p>\n","protected":false},"featured_media":41026690,"template":"","meta":[],"product_brand":[],"product_cat":[3483],"product_tag":[],"class_list":{"0":"post-41026694","1":"product","2":"type-product","3":"status-publish","4":"has-post-thumbnail","6":"product_cat-herramientas-y-accesorios-diamantados-y-abrasivos","8":"first","9":"instock","10":"product-type-simple"},"_links":{"self":[{"href":"https:\/\/www.siri.mo.it\/index.php\/wp-json\/wp\/v2\/product\/41026694","targetHints":{"allow":["GET"]}}],"collection":[{"href":"https:\/\/www.siri.mo.it\/index.php\/wp-json\/wp\/v2\/product"}],"about":[{"href":"https:\/\/www.siri.mo.it\/index.php\/wp-json\/wp\/v2\/types\/product"}],"wp:featuredmedia":[{"embeddable":true,"href":"https:\/\/www.siri.mo.it\/index.php\/wp-json\/wp\/v2\/media\/41026690"}],"wp:attachment":[{"href":"https:\/\/www.siri.mo.it\/index.php\/wp-json\/wp\/v2\/media?parent=41026694"}],"wp:term":[{"taxonomy":"product_brand","embeddable":true,"href":"https:\/\/www.siri.mo.it\/index.php\/wp-json\/wp\/v2\/product_brand?post=41026694"},{"taxonomy":"product_cat","embeddable":true,"href":"https:\/\/www.siri.mo.it\/index.php\/wp-json\/wp\/v2\/product_cat?post=41026694"},{"taxonomy":"product_tag","embeddable":true,"href":"https:\/\/www.siri.mo.it\/index.php\/wp-json\/wp\/v2\/product_tag?post=41026694"}],"curies":[{"name":"wp","href":"https:\/\/api.w.org\/{rel}","templated":true}]}}