{"id":41026693,"date":"2024-10-25T17:21:59","date_gmt":"2024-10-25T15:21:59","guid":{"rendered":"https:\/\/www.siri.mo.it\/?post_type=product&#038;p=41026693"},"modified":"2025-08-06T16:06:45","modified_gmt":"2025-08-06T14:06:45","slug":"diamantfraeser-zum-schruppen","status":"publish","type":"product","link":"https:\/\/www.siri.mo.it\/index.php\/prodotto\/diamantfraeser-zum-schruppen\/?lang=de","title":{"rendered":"DIAMANTFR\u00c4SER ZUM SCHRUPPEN Art.9022 \u2013 9023 \u2013 9024"},"content":{"rendered":"","protected":false},"excerpt":{"rendered":"<p>Diamant-Profilfr\u00e4ser Zum Schruppen von Kanten an Feinsteinzeug, Granit, Marmor, Beton und Stein. F\u00fcr Nassanwendungen.<\/p>\n<p>180\u00b0-Profilfr\u00e4ser (abgerundet), 90\u00b0- und 45\u00b0-Profilfr\u00e4ser zum Gl\u00e4tten abgerundeter Kanten an K\u00fcchenarbeitsplatten, Stufen, Schwimmbecken und Bordsteinen. M14-Spindel zur Aufnahme an eine Schleifmaschine. Mit Teflonscheibe f\u00fcr bessere Positionierung w\u00e4hrend des Gebrauchs.<\/p>\n<p>Art.-Nr. 9022 180\u00b0-Profilfr\u00e4ser, Durchmesser 115 mm, Drehzahl 14.000 U\/min<\/p>\n<p>Art.-Nr. 9023\u00a0 90\u00b0-Profilfr\u00e4ser, Durchmesser 115 mm, Drehzahl 14.000 U\/min<\/p>\n<p>Art.-Nr. 9023\u00a0 45\u00b0-Profilfr\u00e4ser, Durchmesser 115 mm, Drehzahl 14.000 U\/min<\/p>\n","protected":false},"featured_media":41026689,"template":"","meta":[],"product_brand":[],"product_cat":[3482],"product_tag":[],"class_list":{"0":"post-41026693","1":"product","2":"type-product","3":"status-publish","4":"has-post-thumbnail","6":"product_cat-diamant-und-schleifwerkzeuge-und-zubehor","8":"first","9":"instock","10":"product-type-simple"},"_links":{"self":[{"href":"https:\/\/www.siri.mo.it\/index.php\/wp-json\/wp\/v2\/product\/41026693","targetHints":{"allow":["GET"]}}],"collection":[{"href":"https:\/\/www.siri.mo.it\/index.php\/wp-json\/wp\/v2\/product"}],"about":[{"href":"https:\/\/www.siri.mo.it\/index.php\/wp-json\/wp\/v2\/types\/product"}],"wp:featuredmedia":[{"embeddable":true,"href":"https:\/\/www.siri.mo.it\/index.php\/wp-json\/wp\/v2\/media\/41026689"}],"wp:attachment":[{"href":"https:\/\/www.siri.mo.it\/index.php\/wp-json\/wp\/v2\/media?parent=41026693"}],"wp:term":[{"taxonomy":"product_brand","embeddable":true,"href":"https:\/\/www.siri.mo.it\/index.php\/wp-json\/wp\/v2\/product_brand?post=41026693"},{"taxonomy":"product_cat","embeddable":true,"href":"https:\/\/www.siri.mo.it\/index.php\/wp-json\/wp\/v2\/product_cat?post=41026693"},{"taxonomy":"product_tag","embeddable":true,"href":"https:\/\/www.siri.mo.it\/index.php\/wp-json\/wp\/v2\/product_tag?post=41026693"}],"curies":[{"name":"wp","href":"https:\/\/api.w.org\/{rel}","templated":true}]}}