{"id":41026692,"date":"2024-10-25T17:03:03","date_gmt":"2024-10-25T15:03:03","guid":{"rendered":"https:\/\/www.siri.mo.it\/?post_type=product&#038;p=41026692"},"modified":"2025-08-06T16:02:43","modified_gmt":"2025-08-06T14:02:43","slug":"fraises-diamantees-pour-degrossissage","status":"publish","type":"product","link":"https:\/\/www.siri.mo.it\/index.php\/prodotto\/fraises-diamantees-pour-degrossissage\/?lang=fr","title":{"rendered":"PROFILEURS DIAMANT\u00c9S Art.9022 \u2013 9023 \u2013 9024"},"content":{"rendered":"","protected":false},"excerpt":{"rendered":"<p>Profileurs diamant\u00e9s pour lisser les bords du gr\u00e8s c\u00e9rame, du granit, du marbre, du b\u00e9ton et de la pierre. Pour une utilisation humide.<\/p>\n<p>Profileurs 180\u00b0 (arrondies), 90\u00b0 et 45\u00b0 pour lisser les bords arrondis des plans de travail de cuisine, des marches, des piscines et des bordures. Broche M14 pour adaptation \u00e0 une meuleuse. Avec disque en T\u00e9flon pour un meilleur positionnement pendant l&#8217;utilisation.<\/p>\n<p>Article 9022 : Profileurs 180\u00b0, \u00d8 115 mm, 14 000 tr\/min<\/p>\n<p>Article 9023 : Profileurs\u00a0 \u00a090\u00b0, \u00d8 115 mm, 14 000 tr\/min<\/p>\n<p>Article 9023 : Profileurs\u00a0 \u00a045\u00b0, \u00d8 115 mm, 14 000 tr\/min<\/p>\n","protected":false},"featured_media":41026688,"template":"","meta":[],"product_brand":[],"product_cat":[3474],"product_tag":[],"class_list":{"0":"post-41026692","1":"product","2":"type-product","3":"status-publish","4":"has-post-thumbnail","6":"product_cat-outils-abrasifs-et-diamantes","8":"first","9":"instock","10":"product-type-simple"},"_links":{"self":[{"href":"https:\/\/www.siri.mo.it\/index.php\/wp-json\/wp\/v2\/product\/41026692","targetHints":{"allow":["GET"]}}],"collection":[{"href":"https:\/\/www.siri.mo.it\/index.php\/wp-json\/wp\/v2\/product"}],"about":[{"href":"https:\/\/www.siri.mo.it\/index.php\/wp-json\/wp\/v2\/types\/product"}],"wp:featuredmedia":[{"embeddable":true,"href":"https:\/\/www.siri.mo.it\/index.php\/wp-json\/wp\/v2\/media\/41026688"}],"wp:attachment":[{"href":"https:\/\/www.siri.mo.it\/index.php\/wp-json\/wp\/v2\/media?parent=41026692"}],"wp:term":[{"taxonomy":"product_brand","embeddable":true,"href":"https:\/\/www.siri.mo.it\/index.php\/wp-json\/wp\/v2\/product_brand?post=41026692"},{"taxonomy":"product_cat","embeddable":true,"href":"https:\/\/www.siri.mo.it\/index.php\/wp-json\/wp\/v2\/product_cat?post=41026692"},{"taxonomy":"product_tag","embeddable":true,"href":"https:\/\/www.siri.mo.it\/index.php\/wp-json\/wp\/v2\/product_tag?post=41026692"}],"curies":[{"name":"wp","href":"https:\/\/api.w.org\/{rel}","templated":true}]}}