{"id":41026670,"date":"2024-10-25T10:55:34","date_gmt":"2024-10-25T08:55:34","guid":{"rendered":"https:\/\/www.siri.mo.it\/?post_type=product&#038;p=41026670"},"modified":"2025-08-07T16:29:21","modified_gmt":"2025-08-07T14:29:21","slug":"tampon-diamant-concave-r-20","status":"publish","type":"product","link":"https:\/\/www.siri.mo.it\/index.php\/prodotto\/tampon-diamant-concave-r-20\/?lang=fr","title":{"rendered":"TAMPON DIAMANT CONCAVE R 20 mm"},"content":{"rendered":"","protected":false},"excerpt":{"rendered":"<p><strong>PROFILSIRI\u00a0 Patins diamant\u00e9s \u00e9vas\u00e9s pour le d\u00e9grossissage et la finition de la c\u00e9ramique, de la porcelaine et de la pierre naturelle. Utilisation humide.<\/strong><\/p>\n<p>Pour le pon\u00e7age des angles ou la finition des bords de la pierre naturelle et du carrelage en porcelaine. Ils peuvent \u00eatre utilis\u00e9s \u00e0 sec, mais nous recommandons une utilisation humide, en humidifiant le patin ou le mat\u00e9riau \u00e0 poncer.<\/p>\n<p>Patin diamant\u00e9 concave R 20 g 20 VERT Article 1170<\/p>\n<p>Patin diamant\u00e9 concave R 20 g 120 NOIR Article 1171<\/p>\n<p>Patin diamant\u00e9 concave R 20 g 200 ROUGE Article 1172<\/p>\n<p>Patin diamant\u00e9 concave R 20 g 400 JAUNE Article 1173<\/p>\n","protected":false},"featured_media":41026653,"template":"","meta":[],"product_brand":[],"product_cat":[3474,495],"product_tag":[],"class_list":{"0":"post-41026670","1":"product","2":"type-product","3":"status-publish","4":"has-post-thumbnail","6":"product_cat-outils-abrasifs-et-diamantes","7":"product_cat-siriset-3-fr","9":"first","10":"instock","11":"product-type-simple"},"_links":{"self":[{"href":"https:\/\/www.siri.mo.it\/index.php\/wp-json\/wp\/v2\/product\/41026670","targetHints":{"allow":["GET"]}}],"collection":[{"href":"https:\/\/www.siri.mo.it\/index.php\/wp-json\/wp\/v2\/product"}],"about":[{"href":"https:\/\/www.siri.mo.it\/index.php\/wp-json\/wp\/v2\/types\/product"}],"wp:featuredmedia":[{"embeddable":true,"href":"https:\/\/www.siri.mo.it\/index.php\/wp-json\/wp\/v2\/media\/41026653"}],"wp:attachment":[{"href":"https:\/\/www.siri.mo.it\/index.php\/wp-json\/wp\/v2\/media?parent=41026670"}],"wp:term":[{"taxonomy":"product_brand","embeddable":true,"href":"https:\/\/www.siri.mo.it\/index.php\/wp-json\/wp\/v2\/product_brand?post=41026670"},{"taxonomy":"product_cat","embeddable":true,"href":"https:\/\/www.siri.mo.it\/index.php\/wp-json\/wp\/v2\/product_cat?post=41026670"},{"taxonomy":"product_tag","embeddable":true,"href":"https:\/\/www.siri.mo.it\/index.php\/wp-json\/wp\/v2\/product_tag?post=41026670"}],"curies":[{"name":"wp","href":"https:\/\/api.w.org\/{rel}","templated":true}]}}