{"id":41026615,"date":"2024-10-16T16:15:08","date_gmt":"2024-10-16T14:15:08","guid":{"rendered":"https:\/\/www.siri.mo.it\/?post_type=product&#038;p=41026615"},"modified":"2024-10-16T17:30:19","modified_gmt":"2024-10-16T15:30:19","slug":"outils-abrasifs","status":"publish","type":"product","link":"https:\/\/www.siri.mo.it\/index.php\/prodotto\/outils-abrasifs\/?lang=fr","title":{"rendered":"OUTILS ABRASIFS"},"content":{"rendered":"<p>Pour le polissage des surfaces internes et externes sur gres c\u00e9rame, granit, marbre, b\u00e9ton et pierre.<\/p>\n<p><strong>Roue en caoutchouc \u00e0 expansion centrifuge art.4290A<\/strong><\/p>\n<p><strong>Mandrin M 14 pour roue en caoutchouc art.4290B<\/strong><\/p>\n<p><strong>Anneau abrasif vert grain 60 art.4290<\/strong><\/p>\n<p><strong>Anneau abrasif noir grain 120 art.4291<\/strong><\/p>\n<p><strong>Anneau abrasif rouge grain 200 art.4292<\/strong><\/p>\n","protected":false},"excerpt":{"rendered":"<p>Pour le polissage et la finition des surfaces int\u00e9rieures et ext\u00e9rieures. Roue en caoutchouc \u00e0 expansion<br \/>\ncentrifuge avec moyeu en aluminium. Broche M14 pour adaptation \u00e0 la meuleuse.<br \/>\nAnneaux abrasifs \u00e0 utiliser \u00e0 humides.<\/p>\n","protected":false},"featured_media":41026591,"template":"","meta":[],"product_brand":[],"product_cat":[3474],"product_tag":[],"class_list":{"0":"post-41026615","1":"product","2":"type-product","3":"status-publish","4":"has-post-thumbnail","6":"product_cat-outils-abrasifs-et-diamantes","8":"first","9":"instock","10":"product-type-simple"},"_links":{"self":[{"href":"https:\/\/www.siri.mo.it\/index.php\/wp-json\/wp\/v2\/product\/41026615","targetHints":{"allow":["GET"]}}],"collection":[{"href":"https:\/\/www.siri.mo.it\/index.php\/wp-json\/wp\/v2\/product"}],"about":[{"href":"https:\/\/www.siri.mo.it\/index.php\/wp-json\/wp\/v2\/types\/product"}],"wp:featuredmedia":[{"embeddable":true,"href":"https:\/\/www.siri.mo.it\/index.php\/wp-json\/wp\/v2\/media\/41026591"}],"wp:attachment":[{"href":"https:\/\/www.siri.mo.it\/index.php\/wp-json\/wp\/v2\/media?parent=41026615"}],"wp:term":[{"taxonomy":"product_brand","embeddable":true,"href":"https:\/\/www.siri.mo.it\/index.php\/wp-json\/wp\/v2\/product_brand?post=41026615"},{"taxonomy":"product_cat","embeddable":true,"href":"https:\/\/www.siri.mo.it\/index.php\/wp-json\/wp\/v2\/product_cat?post=41026615"},{"taxonomy":"product_tag","embeddable":true,"href":"https:\/\/www.siri.mo.it\/index.php\/wp-json\/wp\/v2\/product_tag?post=41026615"}],"curies":[{"name":"wp","href":"https:\/\/api.w.org\/{rel}","templated":true}]}}