{"id":41026585,"date":"2024-10-16T11:46:32","date_gmt":"2024-10-16T09:46:32","guid":{"rendered":"https:\/\/www.siri.mo.it\/index.php\/prodotto\/fresas-de-diamante\/"},"modified":"2024-10-16T17:40:39","modified_gmt":"2024-10-16T15:40:39","slug":"fresas-de-diamante","status":"publish","type":"product","link":"https:\/\/www.siri.mo.it\/index.php\/prodotto\/fresas-de-diamante\/?lang=es","title":{"rendered":"FRESAS DE DIAMANTE"},"content":{"rendered":"<p><strong>CORTADOR CIL\u00cdNDRICO D. 8 mm art.4295<\/strong><\/p>\n<p><strong>CORTADOR CIL\u00cdNDRICO D. 20 mm art.4296<\/strong><\/p>\n<p><strong>CORTADOR DE CONO D. 2 &#8211; 38 mm art.4297<\/strong><\/p>\n<p><strong>CORTADOR DE CONO D. 20 &#8211; 48 mm art.4298<\/strong><\/p>\n<p>&nbsp;<\/p>\n","protected":false},"excerpt":{"rendered":"<p>Fresas diamantadas con rosca M14 para amoladoras, para agrandar y dar forma a agujeros en cer\u00e1mica, gres porcel\u00e1nico y piedra natural. Para ser utilizado h\u00famedo a 11000 RPM m\u00e1ximo. Utilice la parte de diamante en su totalidad, para mayor durabilidad.<\/p>\n","protected":false},"featured_media":41026579,"template":"","meta":[],"product_brand":[],"product_cat":[3483],"product_tag":[],"class_list":{"0":"post-41026585","1":"product","2":"type-product","3":"status-publish","4":"has-post-thumbnail","6":"product_cat-herramientas-y-accesorios-diamantados-y-abrasivos","8":"first","9":"instock","10":"product-type-simple"},"_links":{"self":[{"href":"https:\/\/www.siri.mo.it\/index.php\/wp-json\/wp\/v2\/product\/41026585","targetHints":{"allow":["GET"]}}],"collection":[{"href":"https:\/\/www.siri.mo.it\/index.php\/wp-json\/wp\/v2\/product"}],"about":[{"href":"https:\/\/www.siri.mo.it\/index.php\/wp-json\/wp\/v2\/types\/product"}],"wp:featuredmedia":[{"embeddable":true,"href":"https:\/\/www.siri.mo.it\/index.php\/wp-json\/wp\/v2\/media\/41026579"}],"wp:attachment":[{"href":"https:\/\/www.siri.mo.it\/index.php\/wp-json\/wp\/v2\/media?parent=41026585"}],"wp:term":[{"taxonomy":"product_brand","embeddable":true,"href":"https:\/\/www.siri.mo.it\/index.php\/wp-json\/wp\/v2\/product_brand?post=41026585"},{"taxonomy":"product_cat","embeddable":true,"href":"https:\/\/www.siri.mo.it\/index.php\/wp-json\/wp\/v2\/product_cat?post=41026585"},{"taxonomy":"product_tag","embeddable":true,"href":"https:\/\/www.siri.mo.it\/index.php\/wp-json\/wp\/v2\/product_tag?post=41026585"}],"curies":[{"name":"wp","href":"https:\/\/api.w.org\/{rel}","templated":true}]}}