{"id":41026584,"date":"2024-10-16T11:44:16","date_gmt":"2024-10-16T09:44:16","guid":{"rendered":"https:\/\/www.siri.mo.it\/index.php\/prodotto\/diamantfraser\/"},"modified":"2024-10-16T17:39:57","modified_gmt":"2024-10-16T15:39:57","slug":"diamantfraser","status":"publish","type":"product","link":"https:\/\/www.siri.mo.it\/index.php\/prodotto\/diamantfraser\/?lang=de","title":{"rendered":"DIAMANTFR\u00c4SER"},"content":{"rendered":"<p><strong>ZYLINDRISCHER SCHNEIDER D. 8 mm art.4295<\/strong><\/p>\n<p><strong>ZYLINDRISCHER SCHNEIDER D. 20 mm art.4296<\/strong><\/p>\n<p><strong>KEGELM\u00dcHLE D. 2 &#8211; 38 mm art.4297<\/strong><\/p>\n<p><strong>KEGELM\u00dcHLE D. 20 &#8211; 48 mm art.4298<\/strong><\/p>\n<p>&nbsp;<\/p>\n","protected":false},"excerpt":{"rendered":"<p>Diamantfr\u00e4ser mit M14-Gewinde f\u00fcr Schleifmaschinen, zum Vergr\u00f6\u00dfern und Formen von L\u00f6chern in Keramik, Feinsteinzeug und Naturstein. Zur Verwendung im nassen Zustand bei maximal 11.000 U\/min. F\u00fcr eine l\u00e4ngere Haltbarkeit nutzen Sie den Diamantteil vollst\u00e4ndig.<\/p>\n","protected":false},"featured_media":41026578,"template":"","meta":[],"product_brand":[],"product_cat":[3482],"product_tag":[],"class_list":{"0":"post-41026584","1":"product","2":"type-product","3":"status-publish","4":"has-post-thumbnail","6":"product_cat-diamant-und-schleifwerkzeuge-und-zubehor","8":"first","9":"instock","10":"product-type-simple"},"_links":{"self":[{"href":"https:\/\/www.siri.mo.it\/index.php\/wp-json\/wp\/v2\/product\/41026584","targetHints":{"allow":["GET"]}}],"collection":[{"href":"https:\/\/www.siri.mo.it\/index.php\/wp-json\/wp\/v2\/product"}],"about":[{"href":"https:\/\/www.siri.mo.it\/index.php\/wp-json\/wp\/v2\/types\/product"}],"wp:featuredmedia":[{"embeddable":true,"href":"https:\/\/www.siri.mo.it\/index.php\/wp-json\/wp\/v2\/media\/41026578"}],"wp:attachment":[{"href":"https:\/\/www.siri.mo.it\/index.php\/wp-json\/wp\/v2\/media?parent=41026584"}],"wp:term":[{"taxonomy":"product_brand","embeddable":true,"href":"https:\/\/www.siri.mo.it\/index.php\/wp-json\/wp\/v2\/product_brand?post=41026584"},{"taxonomy":"product_cat","embeddable":true,"href":"https:\/\/www.siri.mo.it\/index.php\/wp-json\/wp\/v2\/product_cat?post=41026584"},{"taxonomy":"product_tag","embeddable":true,"href":"https:\/\/www.siri.mo.it\/index.php\/wp-json\/wp\/v2\/product_tag?post=41026584"}],"curies":[{"name":"wp","href":"https:\/\/api.w.org\/{rel}","templated":true}]}}