{"id":41026583,"date":"2024-10-16T11:36:49","date_gmt":"2024-10-16T09:36:49","guid":{"rendered":"https:\/\/www.siri.mo.it\/?post_type=product&#038;p=41026583"},"modified":"2024-10-16T17:39:18","modified_gmt":"2024-10-16T15:39:18","slug":"fraises-diamantes","status":"publish","type":"product","link":"https:\/\/www.siri.mo.it\/index.php\/prodotto\/fraises-diamantes\/?lang=fr","title":{"rendered":"FRAISES DIAMANT\u00c9S"},"content":{"rendered":"<h5>Fraise cylindrique D. 8 mm art.4295<\/h5>\n<h5>Fraise cylindrique D. 20 mm art.4296<\/h5>\n<h5>Fraise \u00e0 c\u00f4ne D. 2 &#8211; 38 mm art.4297<\/h5>\n<h5>Fraise \u00e0 c\u00f4ne D. 20 &#8211; 48 mm art.4298<\/h5>\n<h5><\/h5>\n","protected":false},"excerpt":{"rendered":"<p>Fraises diamant\u00e9es \u00e0 fixation M14 pour agrandir et fa\u00e7onner des trous sur la c\u00e9ramique, le gr\u00e8s c\u00e9rame et la pierre naturelle. A utiliser \u00e0 humide \u00e0 11000 RPM maximum.<br \/>\nUtilisez toute la partie diamant\u00e9e pour une plus grande durabilit\u00e9.<\/p>\n","protected":false},"featured_media":41026577,"template":"","meta":[],"product_brand":[],"product_cat":[3474],"product_tag":[],"class_list":{"0":"post-41026583","1":"product","2":"type-product","3":"status-publish","4":"has-post-thumbnail","6":"product_cat-outils-abrasifs-et-diamantes","8":"first","9":"instock","10":"product-type-simple"},"_links":{"self":[{"href":"https:\/\/www.siri.mo.it\/index.php\/wp-json\/wp\/v2\/product\/41026583","targetHints":{"allow":["GET"]}}],"collection":[{"href":"https:\/\/www.siri.mo.it\/index.php\/wp-json\/wp\/v2\/product"}],"about":[{"href":"https:\/\/www.siri.mo.it\/index.php\/wp-json\/wp\/v2\/types\/product"}],"wp:featuredmedia":[{"embeddable":true,"href":"https:\/\/www.siri.mo.it\/index.php\/wp-json\/wp\/v2\/media\/41026577"}],"wp:attachment":[{"href":"https:\/\/www.siri.mo.it\/index.php\/wp-json\/wp\/v2\/media?parent=41026583"}],"wp:term":[{"taxonomy":"product_brand","embeddable":true,"href":"https:\/\/www.siri.mo.it\/index.php\/wp-json\/wp\/v2\/product_brand?post=41026583"},{"taxonomy":"product_cat","embeddable":true,"href":"https:\/\/www.siri.mo.it\/index.php\/wp-json\/wp\/v2\/product_cat?post=41026583"},{"taxonomy":"product_tag","embeddable":true,"href":"https:\/\/www.siri.mo.it\/index.php\/wp-json\/wp\/v2\/product_tag?post=41026583"}],"curies":[{"name":"wp","href":"https:\/\/api.w.org\/{rel}","templated":true}]}}