{"id":41026337,"date":"2024-10-11T10:54:20","date_gmt":"2024-10-11T08:54:20","guid":{"rendered":"https:\/\/www.siri.mo.it\/?post_type=product&#038;p=41026337"},"modified":"2025-08-06T15:43:15","modified_gmt":"2025-08-06T13:43:15","slug":"art-6360-siri-compass","status":"publish","type":"product","link":"https:\/\/www.siri.mo.it\/index.php\/prodotto\/art-6360-siri-compass\/?lang=de","title":{"rendered":"Art.6360 SIRI COMPASS"},"content":{"rendered":"","protected":false},"excerpt":{"rendered":"<p>SIRI COMPASS Ger\u00e4t f\u00fcr kreisf\u00f6rmige Schnitte in gro\u00dfformatigen Platten.<\/p>\n<p>&#8211; System f\u00fcr kreisf\u00f6rmige Schnitte in gro\u00dfformatigen Platten.<br \/>\n&#8211; Ritzrad mit 13 mm Durchmesser.<br \/>\n&#8211; Saugnapf zur Befestigung des Systems an der Platte.<br \/>\n&#8211; Zentrierter Stab f\u00fcr Schnitte bis 60 cm Radius<br \/>\n(gr\u00f6\u00dfere Radien auf Anfrage erh\u00e4ltlich).<br \/>\n&#8211; L\u00f6cher k\u00f6nnen zentriert oder versetzt zum Saugnapf angebracht werden.<br \/>\n&#8211; Kreise, Halbkreise und Viertelkreise sind m\u00f6glich.<br \/>\n&#8211; Zentrierte L\u00f6cher von 19 cm Durchmesser bis maximal 120 cm.<br \/>\n&#8211; Au\u00dfermittige L\u00f6cher von 30 cm Durchmesser bis maximal 120 cm.<br \/>\n&#8211; Zum Trennen der geritzten Teile k\u00f6nnen Sie die optionale Zange (A), Art.-Nr. 16500, verwenden. In manchen F\u00e4llen ist es notwendig, mit dem Winkelschleifer Keilschnitte (B) in den Einschnitt zu machen und dann die einzelnen entstandenen Teile mit einem Hammer zu entfernen.<\/p>\n[embed]https:\/\/youtu.be\/Av62DvtjnbY[\/embed]\n","protected":false},"featured_media":41026134,"template":"","meta":[],"product_brand":[],"product_cat":[496],"product_tag":[],"class_list":{"0":"post-41026337","1":"product","2":"type-product","3":"status-publish","4":"has-post-thumbnail","6":"product_cat-siriset-3-de","8":"first","9":"instock","10":"product-type-simple"},"_links":{"self":[{"href":"https:\/\/www.siri.mo.it\/index.php\/wp-json\/wp\/v2\/product\/41026337","targetHints":{"allow":["GET"]}}],"collection":[{"href":"https:\/\/www.siri.mo.it\/index.php\/wp-json\/wp\/v2\/product"}],"about":[{"href":"https:\/\/www.siri.mo.it\/index.php\/wp-json\/wp\/v2\/types\/product"}],"wp:featuredmedia":[{"embeddable":true,"href":"https:\/\/www.siri.mo.it\/index.php\/wp-json\/wp\/v2\/media\/41026134"}],"wp:attachment":[{"href":"https:\/\/www.siri.mo.it\/index.php\/wp-json\/wp\/v2\/media?parent=41026337"}],"wp:term":[{"taxonomy":"product_brand","embeddable":true,"href":"https:\/\/www.siri.mo.it\/index.php\/wp-json\/wp\/v2\/product_brand?post=41026337"},{"taxonomy":"product_cat","embeddable":true,"href":"https:\/\/www.siri.mo.it\/index.php\/wp-json\/wp\/v2\/product_cat?post=41026337"},{"taxonomy":"product_tag","embeddable":true,"href":"https:\/\/www.siri.mo.it\/index.php\/wp-json\/wp\/v2\/product_tag?post=41026337"}],"curies":[{"name":"wp","href":"https:\/\/api.w.org\/{rel}","templated":true}]}}