{"id":41026334,"date":"2024-10-11T09:02:39","date_gmt":"2024-10-11T07:02:39","guid":{"rendered":"https:\/\/www.siri.mo.it\/?post_type=product&#038;p=41026334"},"modified":"2025-08-04T11:09:14","modified_gmt":"2025-08-04T09:09:14","slug":"art-31300-siri-vacuum","status":"publish","type":"product","link":"https:\/\/www.siri.mo.it\/index.php\/prodotto\/art-31300-siri-vacuum\/?lang=es","title":{"rendered":"Art.31300 SIRI VACUUM"},"content":{"rendered":"","protected":false},"excerpt":{"rendered":"<p>BOMBA VENTOSA \u00d8 205 mm CON ESTUCHE.<\/p>\n<p>Ventosa de \u00d8 205 mm con bomba de vac\u00edo manual y l\u00ednea roja que indica la p\u00e9rdida de agarre. Para la manipulaci\u00f3n de baldosas de gran formato con superficies lisas, rugosas y texturizadas. Incluye protecci\u00f3n de goma y estuche.<br \/>\nMarco de nailon reforzado.<br \/>\nCarga horizontal m\u00e1xima: 128 kg.<br \/>\nCarga vertical m\u00e1xima: 108 kg.<\/p>\n[embed]https:\/\/youtu.be\/xPQStBAujSk[\/embed]\n","protected":false},"featured_media":41025824,"template":"","meta":[],"product_brand":[],"product_cat":[370],"product_tag":[],"class_list":{"0":"post-41026334","1":"product","2":"type-product","3":"status-publish","4":"has-post-thumbnail","6":"product_cat-siriset-3","8":"first","9":"instock","10":"product-type-simple"},"_links":{"self":[{"href":"https:\/\/www.siri.mo.it\/index.php\/wp-json\/wp\/v2\/product\/41026334","targetHints":{"allow":["GET"]}}],"collection":[{"href":"https:\/\/www.siri.mo.it\/index.php\/wp-json\/wp\/v2\/product"}],"about":[{"href":"https:\/\/www.siri.mo.it\/index.php\/wp-json\/wp\/v2\/types\/product"}],"wp:featuredmedia":[{"embeddable":true,"href":"https:\/\/www.siri.mo.it\/index.php\/wp-json\/wp\/v2\/media\/41025824"}],"wp:attachment":[{"href":"https:\/\/www.siri.mo.it\/index.php\/wp-json\/wp\/v2\/media?parent=41026334"}],"wp:term":[{"taxonomy":"product_brand","embeddable":true,"href":"https:\/\/www.siri.mo.it\/index.php\/wp-json\/wp\/v2\/product_brand?post=41026334"},{"taxonomy":"product_cat","embeddable":true,"href":"https:\/\/www.siri.mo.it\/index.php\/wp-json\/wp\/v2\/product_cat?post=41026334"},{"taxonomy":"product_tag","embeddable":true,"href":"https:\/\/www.siri.mo.it\/index.php\/wp-json\/wp\/v2\/product_tag?post=41026334"}],"curies":[{"name":"wp","href":"https:\/\/api.w.org\/{rel}","templated":true}]}}