{"id":41026333,"date":"2024-10-11T08:58:09","date_gmt":"2024-10-11T06:58:09","guid":{"rendered":"https:\/\/www.siri.mo.it\/?post_type=product&#038;p=41026333"},"modified":"2025-08-04T11:09:55","modified_gmt":"2025-08-04T09:09:55","slug":"art-31300-siri-vacuum","status":"publish","type":"product","link":"https:\/\/www.siri.mo.it\/index.php\/prodotto\/art-31300-siri-vacuum\/?lang=de","title":{"rendered":"Art.31300 SIRI VACUUM"},"content":{"rendered":"","protected":false},"excerpt":{"rendered":"<p>PUMPENSAUGNAPF \u00d8 205 mm MIT GEH\u00c4USE.<\/p>\n<p>Saugnapf \u00d8 205 mm mit manueller Vakuumpumpe und roter Linie, die den Verlust der Haftung anzeigt. F\u00fcr die Handhabung gro\u00dfformatiger Fliesen mit glatter, rauer und strukturierter Oberfl\u00e4che. Lieferung mit Gummischutz und Koffer. Verst\u00e4rkter Nylonrahmen. Maximale horizontale Belastung: 128 kg. Maximale vertikale Belastung: 108 kg.<\/p>\n[embed]https:\/\/youtu.be\/xPQStBAujSk[\/embed]\n","protected":false},"featured_media":41025823,"template":"","meta":[],"product_brand":[],"product_cat":[370,3538],"product_tag":[],"class_list":{"0":"post-41026333","1":"product","2":"type-product","3":"status-publish","4":"has-post-thumbnail","6":"product_cat-siriset-3","7":"product_cat-ventose-per-grandi-formati","9":"first","10":"instock","11":"product-type-simple"},"_links":{"self":[{"href":"https:\/\/www.siri.mo.it\/index.php\/wp-json\/wp\/v2\/product\/41026333","targetHints":{"allow":["GET"]}}],"collection":[{"href":"https:\/\/www.siri.mo.it\/index.php\/wp-json\/wp\/v2\/product"}],"about":[{"href":"https:\/\/www.siri.mo.it\/index.php\/wp-json\/wp\/v2\/types\/product"}],"wp:featuredmedia":[{"embeddable":true,"href":"https:\/\/www.siri.mo.it\/index.php\/wp-json\/wp\/v2\/media\/41025823"}],"wp:attachment":[{"href":"https:\/\/www.siri.mo.it\/index.php\/wp-json\/wp\/v2\/media?parent=41026333"}],"wp:term":[{"taxonomy":"product_brand","embeddable":true,"href":"https:\/\/www.siri.mo.it\/index.php\/wp-json\/wp\/v2\/product_brand?post=41026333"},{"taxonomy":"product_cat","embeddable":true,"href":"https:\/\/www.siri.mo.it\/index.php\/wp-json\/wp\/v2\/product_cat?post=41026333"},{"taxonomy":"product_tag","embeddable":true,"href":"https:\/\/www.siri.mo.it\/index.php\/wp-json\/wp\/v2\/product_tag?post=41026333"}],"curies":[{"name":"wp","href":"https:\/\/api.w.org\/{rel}","templated":true}]}}