{"id":41026271,"date":"2024-10-09T17:52:31","date_gmt":"2024-10-09T15:52:31","guid":{"rendered":"https:\/\/www.siri.mo.it\/?post_type=product&#038;p=41026271"},"modified":"2024-10-09T17:52:31","modified_gmt":"2024-10-09T15:52:31","slug":"siri-lifter-art-6600","status":"publish","type":"product","link":"https:\/\/www.siri.mo.it\/index.php\/prodotto\/siri-lifter-art-6600\/?lang=fr","title":{"rendered":"SIRI LIFTER art.6600"},"content":{"rendered":"<p><a href=\"https:\/\/www.siri.mo.it\/wp-content\/uploads\/2024\/10\/SIRI-LIFTER-FR-LR.pdf\">SIRI LIFTER FR LR<\/a><\/p>\n","protected":false},"excerpt":{"rendered":"<p>Syst\u00e8me de levage pour plaques de grand format jusqu\u2019\u00e0 cm 320 x 180. Ch\u00e2ssis r\u00e9glable en longueur de 200 \u00e0 320 cm et en largeur de 100 \u00e0 160 cm. Equip\u00e9 d&#8217;un syst\u00e8me \u00e0 6 ventouses \u00e0 pompe \u00d8 200 mm pour soulever des dalles aux surfaces polies et structur\u00e9 et d&#8217;un syst\u00e8me de protection antichute.<br \/>\nLa charge de levage maximale est de 200 kg,<\/p>\n","protected":false},"featured_media":41026182,"template":"","meta":[],"product_brand":[],"product_cat":[495],"product_tag":[],"class_list":{"0":"post-41026271","1":"product","2":"type-product","3":"status-publish","4":"has-post-thumbnail","6":"product_cat-siriset-3-fr","8":"first","9":"instock","10":"product-type-simple"},"_links":{"self":[{"href":"https:\/\/www.siri.mo.it\/index.php\/wp-json\/wp\/v2\/product\/41026271","targetHints":{"allow":["GET"]}}],"collection":[{"href":"https:\/\/www.siri.mo.it\/index.php\/wp-json\/wp\/v2\/product"}],"about":[{"href":"https:\/\/www.siri.mo.it\/index.php\/wp-json\/wp\/v2\/types\/product"}],"wp:featuredmedia":[{"embeddable":true,"href":"https:\/\/www.siri.mo.it\/index.php\/wp-json\/wp\/v2\/media\/41026182"}],"wp:attachment":[{"href":"https:\/\/www.siri.mo.it\/index.php\/wp-json\/wp\/v2\/media?parent=41026271"}],"wp:term":[{"taxonomy":"product_brand","embeddable":true,"href":"https:\/\/www.siri.mo.it\/index.php\/wp-json\/wp\/v2\/product_brand?post=41026271"},{"taxonomy":"product_cat","embeddable":true,"href":"https:\/\/www.siri.mo.it\/index.php\/wp-json\/wp\/v2\/product_cat?post=41026271"},{"taxonomy":"product_tag","embeddable":true,"href":"https:\/\/www.siri.mo.it\/index.php\/wp-json\/wp\/v2\/product_tag?post=41026271"}],"curies":[{"name":"wp","href":"https:\/\/api.w.org\/{rel}","templated":true}]}}