{"id":41026178,"date":"2024-10-08T12:01:47","date_gmt":"2024-10-08T10:01:47","guid":{"rendered":"https:\/\/www.siri.mo.it\/?post_type=product&#038;p=41026178"},"modified":"2025-08-06T15:41:12","modified_gmt":"2025-08-06T13:41:12","slug":"art-6360-siri-compass","status":"publish","type":"product","link":"https:\/\/www.siri.mo.it\/index.php\/prodotto\/art-6360-siri-compass\/?lang=fr","title":{"rendered":"Art.6360 SIRI COMPASS"},"content":{"rendered":"","protected":false},"excerpt":{"rendered":"<p>SIRI COMPASS est un syst\u00e8me permettant de r\u00e9aliser des coupes circulaires sur des dalles de grand format.\u00a0 \u00a0 \u00a0 \u00a0 \u00a0 \u00a0 \u00a0 \u00a0 \u00a0 \u00a0 \u00a0 \u00a0 \u00a0 \u00a0 \u00a0 \u00a0 \u00a0 \u00a0 \u00a0 \u00a0 \u00a0 \u00a0 \u00a0 \u00a0 \u00a0 \u00a0 \u00a0 \u00a0 \u00a0 \u00a0 \u00a0 \u00a0 \u00a0 \u00a0 \u00a0 \u00a0 \u00a0 \u00a0 \u00a0 \u00a0 \u00a0 \u00a0 \u00a0 \u00a0 \u00a0 \u00a0 \u00a0 \u00a0 \u00a0 \u00a0 \u00a0 \u00a0 \u00a0 \u00a0 \u00a0 \u00a0 \u00a0 \u00a0 \u00a0 \u00a0 \u00a0 \u00a0 \u00a0 \u00a0 \u00a0 \u00a0 \u00a0 \u00a0 \u00a0 \u00a0-Molette \u00d8 13mm pour r\u00e9aliser l&#8217;incision.<br \/>\n-Ventouse pour verrouiller le syst\u00e8me sur la plaque<br \/>\n-Tige centim\u00e9trique pour coupes jusqu&#8217;\u00e0 60 cm de rayon (sur demande<br \/>\nlargeurs de rayon plus grands).<br \/>\n-Il est possible d&#8217;obtenir des trous centr\u00e9s ou d\u00e9centr\u00e9s par rapport \u00e0<br \/>\nla ventouse.<br \/>\n-Il est possible d&#8217;obtenir cercles, demi-cercles, ou 1\/4 de cercle.<br \/>\n-Trous centr\u00e9s de \u00d8 19 cm jusqu&#8217;\u00e0 un maximum de \u00d8 120 cm.<br \/>\n-Trous d\u00e9centr\u00e9s de \u00d8 30 cm jusqu&#8217;\u00e0 un maximum de \u00d8 120 cm.<br \/>\n-Pour s\u00e9parer vous pouvez utiliser la pince optionnelle (A), art.16500; dans<br \/>\ncertains cas, il est n\u00e9cessaire de faire des portions en forme de coin (B),<br \/>\navec la meuleuse, \u00e0 l&#8217;int\u00e9rieur de l&#8217;incision, puis casse-les un par un, \u00e0 l&#8217;aide<br \/>\nd&#8217;un marteau.<\/p>\n[embed]https:\/\/youtu.be\/Av62DvtjnbY[\/embed]\n","protected":false},"featured_media":41026133,"template":"","meta":[],"product_brand":[],"product_cat":[495],"product_tag":[],"class_list":{"0":"post-41026178","1":"product","2":"type-product","3":"status-publish","4":"has-post-thumbnail","6":"product_cat-siriset-3-fr","8":"first","9":"instock","10":"product-type-simple"},"_links":{"self":[{"href":"https:\/\/www.siri.mo.it\/index.php\/wp-json\/wp\/v2\/product\/41026178","targetHints":{"allow":["GET"]}}],"collection":[{"href":"https:\/\/www.siri.mo.it\/index.php\/wp-json\/wp\/v2\/product"}],"about":[{"href":"https:\/\/www.siri.mo.it\/index.php\/wp-json\/wp\/v2\/types\/product"}],"wp:featuredmedia":[{"embeddable":true,"href":"https:\/\/www.siri.mo.it\/index.php\/wp-json\/wp\/v2\/media\/41026133"}],"wp:attachment":[{"href":"https:\/\/www.siri.mo.it\/index.php\/wp-json\/wp\/v2\/media?parent=41026178"}],"wp:term":[{"taxonomy":"product_brand","embeddable":true,"href":"https:\/\/www.siri.mo.it\/index.php\/wp-json\/wp\/v2\/product_brand?post=41026178"},{"taxonomy":"product_cat","embeddable":true,"href":"https:\/\/www.siri.mo.it\/index.php\/wp-json\/wp\/v2\/product_cat?post=41026178"},{"taxonomy":"product_tag","embeddable":true,"href":"https:\/\/www.siri.mo.it\/index.php\/wp-json\/wp\/v2\/product_tag?post=41026178"}],"curies":[{"name":"wp","href":"https:\/\/api.w.org\/{rel}","templated":true}]}}