{"id":41025922,"date":"2024-05-07T10:30:15","date_gmt":"2024-05-07T08:30:15","guid":{"rendered":"https:\/\/www.siri.mo.it\/index.php\/prodotto\/smart-cut-kit-art-6380ek\/"},"modified":"2025-08-05T14:50:28","modified_gmt":"2025-08-05T12:50:28","slug":"smart-cut-kit-art-6380ek","status":"publish","type":"product","link":"https:\/\/www.siri.mo.it\/index.php\/prodotto\/smart-cut-kit-art-6380ek\/?lang=es","title":{"rendered":"SMART CUT kit art.6395"},"content":{"rendered":"<p>MANUALE\u00a0 \u00a0<a class=\"fb-icon-element-1 fb-icon-element fontawesome-icon fa-file-pdf fas circle-yes fusion-text-flow fusion-link\" style=\"font-size:28.16px;line-height:56.32px;height:56.32px;width:56.32px;border-width:0px;border-radius:50% 50% 50% 50%;margin-right:16px;\" href=\"https:\/\/www.siri.mo.it\/wp-content\/uploads\/2022\/03\/manuale-SIRICUT-24.07.2017-ita.pdf\" aria-label=\"Link to https:\/\/www.siri.mo.it\/wp-content\/uploads\/2022\/03\/manuale-SIRICUT-24.07.2017-ita.pdf\" target=\"_self\"><\/a><style>a.fb-icon-element.fontawesome-icon.fb-icon-element-1{ color: #ffffff; background-color: #197abf; border-color: #4a4e57;}a.fb-icon-element.fontawesome-icon.fb-icon-element-1:hover { color: #ffffff; background-color: #8bacc2; border-color: #8bacc2;}<\/style><\/p>\n<p>CATALOGO\u00a0 <a href=\"https:\/\/www.siri.mo.it\/wp-content\/uploads\/2024\/05\/Cat-SIRI-9-2023-EN-SMART-CUT-LR.pdf\">Cat SIRI 9-2023 EN SMART CUT LR<\/a><\/p>\n","protected":false},"excerpt":{"rendered":"<p>Incluye: carrete para incisi\u00f3n Art. 6387CAR, gu\u00eda de corte cm 330 SIRI GUIDE Art. 17330GCE, pinza de corte Art. 16500 y valigia Art. 6300-VS.<\/p>\n<p>SMART CUT es un sistema para etiquetas de gran formato en cer\u00e1mica y porcelana. Est\u00e1 compuesto por un carrete para cortar con una rueda de \u00f8 13 mm para la incisi\u00f3n y una rueda de \u00f8 8 mm espec\u00edfica para la estructura cer\u00e1mica; adem\u00e1s, incluye un clip para separar. SMART CUT se utiliza con una gu\u00eda espec\u00edfica. Gracias a los cuatro carretes de PVC con almohadillas para la esfera, SMART CUT corta f\u00e1cilmente sobre la gu\u00eda. Si se utiliza en modo profundo, presione la piastrella para separarla f\u00e1cilmente, con la pinza disponible. El pasador est\u00e1 equipado con una regulaci\u00f3n de espesor.<br \/>\nEl grosor es de 10 mm.<\/p>\n","protected":false},"featured_media":41025927,"template":"","meta":[],"product_brand":[],"product_cat":[370],"product_tag":[],"class_list":{"0":"post-41025922","1":"product","2":"type-product","3":"status-publish","4":"has-post-thumbnail","6":"product_cat-siriset-3","8":"first","9":"instock","10":"product-type-simple"},"_links":{"self":[{"href":"https:\/\/www.siri.mo.it\/index.php\/wp-json\/wp\/v2\/product\/41025922","targetHints":{"allow":["GET"]}}],"collection":[{"href":"https:\/\/www.siri.mo.it\/index.php\/wp-json\/wp\/v2\/product"}],"about":[{"href":"https:\/\/www.siri.mo.it\/index.php\/wp-json\/wp\/v2\/types\/product"}],"wp:featuredmedia":[{"embeddable":true,"href":"https:\/\/www.siri.mo.it\/index.php\/wp-json\/wp\/v2\/media\/41025927"}],"wp:attachment":[{"href":"https:\/\/www.siri.mo.it\/index.php\/wp-json\/wp\/v2\/media?parent=41025922"}],"wp:term":[{"taxonomy":"product_brand","embeddable":true,"href":"https:\/\/www.siri.mo.it\/index.php\/wp-json\/wp\/v2\/product_brand?post=41025922"},{"taxonomy":"product_cat","embeddable":true,"href":"https:\/\/www.siri.mo.it\/index.php\/wp-json\/wp\/v2\/product_cat?post=41025922"},{"taxonomy":"product_tag","embeddable":true,"href":"https:\/\/www.siri.mo.it\/index.php\/wp-json\/wp\/v2\/product_tag?post=41025922"}],"curies":[{"name":"wp","href":"https:\/\/api.w.org\/{rel}","templated":true}]}}