{"id":41025211,"date":"2022-09-21T17:12:37","date_gmt":"2022-09-21T15:12:38","guid":{"rendered":"https:\/\/www.siri.mo.it\/?post_type=product&#038;p=41025211"},"modified":"2024-10-10T12:04:00","modified_gmt":"2024-10-10T10:04:00","slug":"art-703240-ares-240-scheibe-d-250-mm-neu-copia-2","status":"publish","type":"product","link":"https:\/\/www.siri.mo.it\/index.php\/prodotto\/art-703240-ares-240-scheibe-d-250-mm-neu-copia-2\/?lang=de","title":{"rendered":"art.703320 Ares 320 Scheibe D.250 mm"},"content":{"rendered":"<p>ARES 320 ist mit folgenden Komponenten ausgestattet:<\/p>\n<p>Aluminiumrahmen; 2200-W-Motor; direkte \u00dcbertragung vom Motor auf die Scheibe; selbsttrennender Schalter mit magnetothermischem Schutz; Wasserk\u00fchlung, mit Tauchpumpe und Durchflussregulierhahn; Motoreinheit, die auf acht verstellbaren Eisenrollen gleitet; Motoreinheit um 45\u00b0 neigbar mit millimetergenauer H\u00f6henverstellung mittels Handrad und Arretierungsm\u00f6glichkeit der Schnitttiefe; quadratisch f\u00fcr lineare und diagonale Schnitte.<\/p>\n<p>DETAILS UND ZUBEH\u00d6R AUF ANFRAGE: Seitenrollenhalter; Seitenst\u00fctze mit Gegenwinkel mit digitaler Anzeige; 4-Rad-Kit; spezielle Diamantscheiben. Sonderspannungen verf\u00fcgbar, V.230 Hz 60, V.240 Hz 50 und dreiphasig V.400 Hz 50.<\/p>\n<p>Schnittma\u00dfe: Linear 320 cm &#8211; Jolly (45\u00b0) 320 cm &#8211; Diagonal 226 x 226 cm &#8211; Maximale Dicke 5 cm.<\/p>\n<p><a class=\"fb-icon-element-1 fb-icon-element fontawesome-icon fa-file-pdf fas circle-yes fusion-text-flow fusion-link\" style=\"font-size:28.16px;line-height:56.32px;height:56.32px;width:56.32px;border-width:0px;border-radius:50% 50% 50% 50%;margin-right:16px;\" href=\"https:\/\/www.siri.mo.it\/wp-content\/uploads\/2022\/03\/Istruzioni_uso_Taglierina_ARES.pdf\" aria-label=\"Link to https:\/\/www.siri.mo.it\/wp-content\/uploads\/2022\/03\/Istruzioni_uso_Taglierina_ARES.pdf\" target=\"_blank\" rel=\"noopener noreferrer\"><\/a><style>a.fb-icon-element.fontawesome-icon.fb-icon-element-1{ color: #ffffff; background-color: #197abf; border-color: #4a4e57;}a.fb-icon-element.fontawesome-icon.fb-icon-element-1:hover { color: #ffffff; background-color: #8bacc2; border-color: #8bacc2;}<\/style> HANDBUCH<\/p>\n<p><a class=\"fb-icon-element-2 fb-icon-element fontawesome-icon fa-file-alt fas circle-yes fusion-text-flow fusion-link\" style=\"font-size:28.16px;line-height:56.32px;height:56.32px;width:56.32px;border-width:0px;border-radius:50% 50% 50% 50%;margin-right:16px;\" href=\"https:\/\/www.siri.mo.it\/wp-content\/uploads\/2022\/03\/ARES-2022.pdf\" aria-label=\"Link to https:\/\/www.siri.mo.it\/wp-content\/uploads\/2022\/03\/ARES-2022.pdf\" target=\"_blank\" rel=\"noopener noreferrer\"><\/a><style>a.fb-icon-element.fontawesome-icon.fb-icon-element-2{ color: #ffffff; background-color: #197abf; border-color: #4a4e57;}a.fb-icon-element.fontawesome-icon.fb-icon-element-2:hover { color: #ffffff; background-color: #8bacc2; border-color: #8bacc2;}<\/style> KATALOG<\/p>\n<p>&nbsp;<\/p>\n","protected":false},"excerpt":{"rendered":"<p>Br\u00fcckenschneider von gro\u00dfen Formaten, mit spezieller Diamantscheibe \u00d8 250 x 25,4 mm mit engen Segmenten, f\u00fcr Feinsteinzeug, auch von gro\u00dfer Dicke bis zu einer maximalen H\u00f6he von 5 cm. <strong>Ausgestattet mit Motorvorschub mit Handrad und Seitenst\u00fctze mit Gegenwinkel.<\/strong> Maximale Schnittl\u00e4nge 320 cm. Es ist auch m\u00f6glich, Marmor und Granit mit speziellen Scheiben zu schneiden.<\/p>\n[embed]https:\/\/youtu.be\/cBmxeKW63Zs[\/embed]\n","protected":false},"featured_media":41025165,"template":"","meta":[],"product_brand":[],"product_cat":[523],"product_tag":[],"class_list":{"0":"post-41025211","1":"product","2":"type-product","3":"status-publish","4":"has-post-thumbnail","6":"product_cat-brucke-wasserschneidemaschine","8":"first","9":"instock","10":"shipping-taxable","11":"product-type-simple"},"_links":{"self":[{"href":"https:\/\/www.siri.mo.it\/index.php\/wp-json\/wp\/v2\/product\/41025211","targetHints":{"allow":["GET"]}}],"collection":[{"href":"https:\/\/www.siri.mo.it\/index.php\/wp-json\/wp\/v2\/product"}],"about":[{"href":"https:\/\/www.siri.mo.it\/index.php\/wp-json\/wp\/v2\/types\/product"}],"wp:featuredmedia":[{"embeddable":true,"href":"https:\/\/www.siri.mo.it\/index.php\/wp-json\/wp\/v2\/media\/41025165"}],"wp:attachment":[{"href":"https:\/\/www.siri.mo.it\/index.php\/wp-json\/wp\/v2\/media?parent=41025211"}],"wp:term":[{"taxonomy":"product_brand","embeddable":true,"href":"https:\/\/www.siri.mo.it\/index.php\/wp-json\/wp\/v2\/product_brand?post=41025211"},{"taxonomy":"product_cat","embeddable":true,"href":"https:\/\/www.siri.mo.it\/index.php\/wp-json\/wp\/v2\/product_cat?post=41025211"},{"taxonomy":"product_tag","embeddable":true,"href":"https:\/\/www.siri.mo.it\/index.php\/wp-json\/wp\/v2\/product_tag?post=41025211"}],"curies":[{"name":"wp","href":"https:\/\/api.w.org\/{rel}","templated":true}]}}