{"id":41024240,"date":"2022-01-28T12:00:25","date_gmt":"2022-01-28T11:00:27","guid":{"rendered":"https:\/\/www.siri.mo.it\/?post_type=product&#038;p=41024240"},"modified":"2024-10-10T17:06:58","modified_gmt":"2024-10-10T15:06:58","slug":"art-703200-ares-200-disque-d-250-mm-nouvelle-copia","status":"publish","type":"product","link":"https:\/\/www.siri.mo.it\/index.php\/prodotto\/art-703200-ares-200-disque-d-250-mm-nouvelle-copia\/?lang=fr","title":{"rendered":"art.703240 Ares 240 disque d.250 mm"},"content":{"rendered":"<p>ARES 240 est \u00e9quip\u00e9 des composants suivants\u00a0:<\/p>\n<p>Ch\u00e2ssis en aluminium ; moteur 2200W; transmission directe du moteur au disque; interrupteur \u00e0 d\u00e9clenchement automatique avec protection magn\u00e9tothermique; refroidissement avec pompe \u00e0 immersion et robinet de r\u00e9glage du d\u00e9bit; bloc moteur coulissant sur huit poulies en fer r\u00e9glables; bloc moteur inclinable \u00e0 45\u00b0 avec r\u00e9glage millim\u00e9trique de la hauteur au moyen d&#8217;un volant et possibilit\u00e9 de verrouiller la profondeur de coupe; carr\u00e9 pour les coupes lin\u00e9aires et diagonales.<\/p>\n<p>D\u00c9TAILS ET ACCESSOIRES SUR DEMANDE : support de rouleau lat\u00e9ral ;<strong> support lat\u00e9ral avec contre-\u00e9querre \u00e0 affichage digital;<\/strong> kit 4 roues; disques diamant\u00e9s sp\u00e9cifiques. Tensions sp\u00e9ciales disponibles, V.230 Hz 60, V.240 Hz 50 et triphas\u00e9 V.400 Hz 50.<\/p>\n<p>Dimensions de coupe : Lin\u00e9aire 240 cm &#8211; Jolly (45\u00b0) 240 cm &#8211; Diagonale 170 x 170 cm &#8211; Epaisseur maxi 5 cm.<\/p>\n","protected":false},"excerpt":{"rendered":"<p>Scie avec disque \u00d8 250 x 25,4 mm \u00e0 secteurs rapproch\u00e9s, sp\u00e9cifique pour les carreaux en gr\u00e8s c\u00e9rame, m\u00eame de haute \u00e9paisseur. Longueur de coupe maximale 240 cm. <strong>\u00c9quip\u00e9 d&#8217;une alimentation motoris\u00e9e avec volant et support lat\u00e9ral avec contre-\u00e9querre. <\/strong>Avec des disques sp\u00e9cifiques, il est \u00e9galement possible de couper du marbre et du granit, jusqu&#8217;\u00e0 une hauteur maximale de 5 cm.<\/p>\n","protected":false},"featured_media":41025164,"template":"","meta":[],"product_brand":[],"product_cat":[522],"product_tag":[],"class_list":{"0":"post-41024240","1":"product","2":"type-product","3":"status-publish","4":"has-post-thumbnail","6":"product_cat-tronconneuses-a-pont","8":"first","9":"instock","10":"shipping-taxable","11":"product-type-simple"},"_links":{"self":[{"href":"https:\/\/www.siri.mo.it\/index.php\/wp-json\/wp\/v2\/product\/41024240","targetHints":{"allow":["GET"]}}],"collection":[{"href":"https:\/\/www.siri.mo.it\/index.php\/wp-json\/wp\/v2\/product"}],"about":[{"href":"https:\/\/www.siri.mo.it\/index.php\/wp-json\/wp\/v2\/types\/product"}],"wp:featuredmedia":[{"embeddable":true,"href":"https:\/\/www.siri.mo.it\/index.php\/wp-json\/wp\/v2\/media\/41025164"}],"wp:attachment":[{"href":"https:\/\/www.siri.mo.it\/index.php\/wp-json\/wp\/v2\/media?parent=41024240"}],"wp:term":[{"taxonomy":"product_brand","embeddable":true,"href":"https:\/\/www.siri.mo.it\/index.php\/wp-json\/wp\/v2\/product_brand?post=41024240"},{"taxonomy":"product_cat","embeddable":true,"href":"https:\/\/www.siri.mo.it\/index.php\/wp-json\/wp\/v2\/product_cat?post=41024240"},{"taxonomy":"product_tag","embeddable":true,"href":"https:\/\/www.siri.mo.it\/index.php\/wp-json\/wp\/v2\/product_tag?post=41024240"}],"curies":[{"name":"wp","href":"https:\/\/api.w.org\/{rel}","templated":true}]}}