{"id":41024236,"date":"2022-01-28T12:00:25","date_gmt":"2022-01-28T11:00:25","guid":{"rendered":"https:\/\/www.siri.mo.it\/?post_type=product&#038;p=41024236"},"modified":"2024-10-10T17:14:23","modified_gmt":"2024-10-10T15:14:23","slug":"art-703240-ares-240-disco-d-250-mm-nueva","status":"publish","type":"product","link":"https:\/\/www.siri.mo.it\/index.php\/prodotto\/art-703240-ares-240-disco-d-250-mm-nueva\/?lang=es","title":{"rendered":"art.703240 Ares 240 disco d.250 mm"},"content":{"rendered":"<p>ARES 240 est\u00e1 equipado con los siguientes componentes:<\/p>\n<p>Marco de aluminio; motor de 2200 W; transmisi\u00f3n directa del motor al disco; interruptor de autodesconexi\u00f3n con protecci\u00f3n magnetot\u00e9rmica; refrigeraci\u00f3n por agua, con bomba de inmersi\u00f3n y grifo de regulaci\u00f3n de caudal; grupo motor deslizante sobre ocho poleas de hierro regulables; unidad motora Inclinable a 45\u00b0 con regulaci\u00f3n milim\u00e9trica de altura mediante volante y posibilidad de bloqueo de la profundidad de corte; escuadra para cortes lineales y diagonales.<\/p>\n<p>DETALLES Y ACCESORIOS BAJO PEDIDO:<\/p>\n<p>soporte rodillo lateral; <strong>soporte lateral con contraescuadra con pantalla digital;<\/strong> juego de 4 ruedas; discos de diamante espec\u00edficos. Tensiones especiales disponibles, V.230 Hz 60, V.240 Hz 50 y trif\u00e1sica V.400 Hz 50.<\/p>\n<p>Dimensiones de corte: Lineal 240 cm &#8211; Jolly (45\u00b0) 240 cm &#8211; Diagonal 170 x 170 cm &#8211; Espesor m\u00e1ximo 5 cm.<\/p>\n<p><a class=\"fb-icon-element-1 fb-icon-element fontawesome-icon fa-file-pdf fas circle-yes fusion-text-flow fusion-link\" style=\"font-size:28.16px;line-height:56.32px;height:56.32px;width:56.32px;border-width:0px;border-radius:50% 50% 50% 50%;margin-right:16px;\" href=\"https:\/\/www.siri.mo.it\/wp-content\/uploads\/2022\/03\/Istruzioni_uso_Taglierina_ARES.pdf\" aria-label=\"Link to https:\/\/www.siri.mo.it\/wp-content\/uploads\/2022\/03\/Istruzioni_uso_Taglierina_ARES.pdf\" target=\"_blank\" rel=\"noopener noreferrer\"><\/a><style>a.fb-icon-element.fontawesome-icon.fb-icon-element-1{ color: #ffffff; background-color: #197abf; border-color: #4a4e57;}a.fb-icon-element.fontawesome-icon.fb-icon-element-1:hover { color: #ffffff; background-color: #8bacc2; border-color: #8bacc2;}<\/style> MANUAL<\/p>\n<p><a class=\"fb-icon-element-2 fb-icon-element fontawesome-icon fa-file-alt fas circle-yes fusion-text-flow fusion-link\" style=\"font-size:28.16px;line-height:56.32px;height:56.32px;width:56.32px;border-width:0px;border-radius:50% 50% 50% 50%;margin-right:16px;\" href=\"https:\/\/www.siri.mo.it\/wp-content\/uploads\/2022\/03\/ARES-2022.pdf\" aria-label=\"Link to https:\/\/www.siri.mo.it\/wp-content\/uploads\/2022\/03\/ARES-2022.pdf\" target=\"_blank\" rel=\"noopener noreferrer\"><\/a><style>a.fb-icon-element.fontawesome-icon.fb-icon-element-2{ color: #ffffff; background-color: #197abf; border-color: #4a4e57;}a.fb-icon-element.fontawesome-icon.fb-icon-element-2:hover { color: #ffffff; background-color: #8bacc2; border-color: #8bacc2;}<\/style> CATALOGO<\/p>\n","protected":false},"excerpt":{"rendered":"<p>Cortadora de puente para corte de grandes formatos, con disco diamantado espec\u00edfico \u00d8 250 x 25,4 mm con segmentos cerrados, para gres porcel\u00e1nico, incluso de alto espesor hasta una altura m\u00e1xima de 5 cm. <strong>Dotada de motor de avance con volante y soporte lateral con escuadra.<\/strong> Longitud m\u00e1xima de corte 240 cm. Tambi\u00e9n es posible cortar m\u00e1rmol y granito con discos espec\u00edficos.<\/p>\n","protected":false},"featured_media":41025166,"template":"","meta":[],"product_brand":[],"product_cat":[524],"product_tag":[],"class_list":{"0":"post-41024236","1":"product","2":"type-product","3":"status-publish","4":"has-post-thumbnail","6":"product_cat-cortadoras-a-puente","8":"first","9":"instock","10":"shipping-taxable","11":"product-type-simple"},"_links":{"self":[{"href":"https:\/\/www.siri.mo.it\/index.php\/wp-json\/wp\/v2\/product\/41024236","targetHints":{"allow":["GET"]}}],"collection":[{"href":"https:\/\/www.siri.mo.it\/index.php\/wp-json\/wp\/v2\/product"}],"about":[{"href":"https:\/\/www.siri.mo.it\/index.php\/wp-json\/wp\/v2\/types\/product"}],"wp:featuredmedia":[{"embeddable":true,"href":"https:\/\/www.siri.mo.it\/index.php\/wp-json\/wp\/v2\/media\/41025166"}],"wp:attachment":[{"href":"https:\/\/www.siri.mo.it\/index.php\/wp-json\/wp\/v2\/media?parent=41024236"}],"wp:term":[{"taxonomy":"product_brand","embeddable":true,"href":"https:\/\/www.siri.mo.it\/index.php\/wp-json\/wp\/v2\/product_brand?post=41024236"},{"taxonomy":"product_cat","embeddable":true,"href":"https:\/\/www.siri.mo.it\/index.php\/wp-json\/wp\/v2\/product_cat?post=41024236"},{"taxonomy":"product_tag","embeddable":true,"href":"https:\/\/www.siri.mo.it\/index.php\/wp-json\/wp\/v2\/product_tag?post=41024236"}],"curies":[{"name":"wp","href":"https:\/\/api.w.org\/{rel}","templated":true}]}}