{"id":41024235,"date":"2022-01-28T11:29:06","date_gmt":"2022-01-28T10:29:09","guid":{"rendered":"https:\/\/www.siri.mo.it\/?post_type=product&#038;p=41024235"},"modified":"2022-09-23T14:17:50","modified_gmt":"2022-09-23T12:17:50","slug":"art-703160-ares-160-disque-d-250-mm-nouvelle-copia","status":"publish","type":"product","link":"https:\/\/www.siri.mo.it\/index.php\/prodotto\/art-703160-ares-160-disque-d-250-mm-nouvelle-copia\/?lang=fr","title":{"rendered":"art.703200 Ares 200 disque d.250 mm \u2013 NOUVELLE"},"content":{"rendered":"<p>ARES 200 est \u00e9quip\u00e9 des composants suivants:<\/p>\n<p>Cadre en aluminium; moteur 2200W; transmission directe du moteur au disque; interrupteur \u00e0 d\u00e9clenchement automatique avec protection magn\u00e9tothermique; refroidissement par eau, avec pompe immerg\u00e9e et robinet de r\u00e9glage du d\u00e9bit; bloc moteur coulissant sur huit poulies en fer r\u00e9glables; bloc moteur Inclinable \u00e0 45\u00b0 avec r\u00e9glage millim\u00e9trique de la hauteur au moyen d&#8217;un volant et possibilit\u00e9 de verrouiller la profondeur de coupe; carr\u00e9 pour les coupes lin\u00e9aires et diagonales.<\/p>\n<p>D\u00c9TAILS ET ACCESSOIRES SUR DEMANDE : Avancement moteur avec volant; kit 4 roues; extension lat\u00e9rale pour les grands formats; extension lat\u00e9rale avec convoyeur \u00e0 rouleaux; disques diamant\u00e9s sp\u00e9cifiques. Tensions sp\u00e9ciales disponibles, V.230 Hz 60, V.240 Hz 50 et triphas\u00e9 V.400 Hz 50.<\/p>\n<p>Dimensions de coupe : Lin\u00e9aire 200 cm &#8211; Jolly (45\u00b0) 200 cm &#8211; Diagonale 141 x 141 cm &#8211; Epaisseur maximal 5 cm.<\/p>\n<p><a class=\"fb-icon-element-1 fb-icon-element fontawesome-icon fa-file-pdf fas circle-yes fusion-text-flow fusion-link\" style=\"font-size:28.16px;line-height:56.32px;height:56.32px;width:56.32px;border-width:0px;border-radius:50% 50% 50% 50%;margin-right:16px;\" href=\"https:\/\/www.siri.mo.it\/wp-content\/uploads\/2022\/03\/Istruzioni_uso_Taglierina_ARES.pdf\" aria-label=\"Link to https:\/\/www.siri.mo.it\/wp-content\/uploads\/2022\/03\/Istruzioni_uso_Taglierina_ARES.pdf\" target=\"_blank\" rel=\"noopener noreferrer\"><\/a><style>a.fb-icon-element.fontawesome-icon.fb-icon-element-1{ color: #ffffff; background-color: #197abf; border-color: #4a4e57;}a.fb-icon-element.fontawesome-icon.fb-icon-element-1:hover { color: #ffffff; background-color: #8bacc2; border-color: #8bacc2;}<\/style> MANUEL<\/p>\n<p><a class=\"fb-icon-element-2 fb-icon-element fontawesome-icon fa-file-alt fas circle-yes fusion-text-flow fusion-link\" style=\"font-size:28.16px;line-height:56.32px;height:56.32px;width:56.32px;border-width:0px;border-radius:50% 50% 50% 50%;margin-right:16px;\" href=\"https:\/\/www.siri.mo.it\/wp-content\/uploads\/2022\/03\/ARES-2022.pdf\" aria-label=\"Link to https:\/\/www.siri.mo.it\/wp-content\/uploads\/2022\/03\/ARES-2022.pdf\" target=\"_blank\" rel=\"noopener noreferrer\"><\/a><style>a.fb-icon-element.fontawesome-icon.fb-icon-element-2{ color: #ffffff; background-color: #197abf; border-color: #4a4e57;}a.fb-icon-element.fontawesome-icon.fb-icon-element-2:hover { color: #ffffff; background-color: #8bacc2; border-color: #8bacc2;}<\/style> CATALOGUE<\/p>\n","protected":false},"excerpt":{"rendered":"<p>NOUVELLE scie avec disque \u00d8 250 x 25,4 mm \u00e0 secteurs rapproch\u00e9s, sp\u00e9cifique pour les carreaux\u00a0en gr\u00e8s c\u00e9rame, m\u00eame de haute \u00e9paisseur. Longueur de coupe maximale 200 cm. Avec des disques sp\u00e9cifiques, il est \u00e9galement possible de couper du marbre et du granit, jusqu&#8217;\u00e0 une hauteur maximale de 5 cm.<\/p>\n","protected":false},"featured_media":41024150,"template":"","meta":[],"product_brand":[],"product_cat":[522],"product_tag":[],"class_list":{"0":"post-41024235","1":"product","2":"type-product","3":"status-publish","4":"has-post-thumbnail","6":"product_cat-tronconneuses-a-pont","8":"first","9":"instock","10":"shipping-taxable","11":"product-type-simple"},"_links":{"self":[{"href":"https:\/\/www.siri.mo.it\/index.php\/wp-json\/wp\/v2\/product\/41024235","targetHints":{"allow":["GET"]}}],"collection":[{"href":"https:\/\/www.siri.mo.it\/index.php\/wp-json\/wp\/v2\/product"}],"about":[{"href":"https:\/\/www.siri.mo.it\/index.php\/wp-json\/wp\/v2\/types\/product"}],"wp:featuredmedia":[{"embeddable":true,"href":"https:\/\/www.siri.mo.it\/index.php\/wp-json\/wp\/v2\/media\/41024150"}],"wp:attachment":[{"href":"https:\/\/www.siri.mo.it\/index.php\/wp-json\/wp\/v2\/media?parent=41024235"}],"wp:term":[{"taxonomy":"product_brand","embeddable":true,"href":"https:\/\/www.siri.mo.it\/index.php\/wp-json\/wp\/v2\/product_brand?post=41024235"},{"taxonomy":"product_cat","embeddable":true,"href":"https:\/\/www.siri.mo.it\/index.php\/wp-json\/wp\/v2\/product_cat?post=41024235"},{"taxonomy":"product_tag","embeddable":true,"href":"https:\/\/www.siri.mo.it\/index.php\/wp-json\/wp\/v2\/product_tag?post=41024235"}],"curies":[{"name":"wp","href":"https:\/\/api.w.org\/{rel}","templated":true}]}}