{"id":41024225,"date":"2022-01-28T08:51:02","date_gmt":"2022-01-28T07:51:03","guid":{"rendered":"https:\/\/www.siri.mo.it\/?post_type=product&#038;p=41024225"},"modified":"2022-09-22T17:07:14","modified_gmt":"2022-09-22T15:07:14","slug":"art-703120-ares-120-scheibe-d-250-mm-neu-copia","status":"publish","type":"product","link":"https:\/\/www.siri.mo.it\/index.php\/prodotto\/art-703120-ares-120-scheibe-d-250-mm-neu-copia\/?lang=de","title":{"rendered":"art.703160 Ares 160 Scheibe D.250 mm &#8211; NEU"},"content":{"rendered":"<p>ARES 160 ist mit folgenden Komponenten ausgestattet:<\/p>\n<p>Aluminiumrahmen; 2200-W-Motor; direkte \u00dcbertragung vom Motor auf die Scheibe; selbstausl\u00f6sender Schalter mit magnetothermischem Schutz; Wasserk\u00fchlung, mit Tauchpumpe und Durchflussregulierhahn; Motoreinheit, die auf acht verstellbaren Eisenrollen gleitet; Motoreinheit um 45\u00b0 neigbar mit millimetergenauer H\u00f6henverstellung mittels Handrad und Arretierungsm\u00f6glichkeit der Schnitttiefe; quadratisch f\u00fcr lineare und diagonale Schnitte.<\/p>\n<p>DETAILS UND ZUBEH\u00d6R AUF ANFRAGE: Motorvorschub mit Handrad; 4-Rad-Kit; Seitenverl\u00e4ngerung f\u00fcr gro\u00dfe Formate; seitliche Verl\u00e4ngerung mit Rollenbahn; spezielle Diamantscheiben. Sonderspannungen verf\u00fcgbar, V.230 Hz 60, V.240 Hz 50 und dreiphasig V.400 Hz 50.<\/p>\n<p>Schnittma\u00dfe: Linear 160 cm &#8211; Jolly (45\u00b0) 160 cm &#8211; Diagonal 113 x 113 cm &#8211; Maximale Dicke 5 cm.<\/p>\n<p>&nbsp;<\/p>\n","protected":false},"excerpt":{"rendered":"<p>NEU Br\u00fcckenschneider mit Scheibe \u00d8 250 x 25,4 mm mit engen Sektoren, speziell f\u00fcr Feinsteinzeug, auch mit hoher Dicke. Maximale Schnittl\u00e4nge 160 cm Mit speziellen Scheiben ist es auch m\u00f6glich, Marmor und Granit bis zu einer maximalen H\u00f6he von 5 cm zu schneiden.<\/p>\n","protected":false},"featured_media":41024151,"template":"","meta":[],"product_brand":[],"product_cat":[523],"product_tag":[],"class_list":{"0":"post-41024225","1":"product","2":"type-product","3":"status-publish","4":"has-post-thumbnail","6":"product_cat-brucke-wasserschneidemaschine","8":"first","9":"instock","10":"shipping-taxable","11":"product-type-simple"},"_links":{"self":[{"href":"https:\/\/www.siri.mo.it\/index.php\/wp-json\/wp\/v2\/product\/41024225","targetHints":{"allow":["GET"]}}],"collection":[{"href":"https:\/\/www.siri.mo.it\/index.php\/wp-json\/wp\/v2\/product"}],"about":[{"href":"https:\/\/www.siri.mo.it\/index.php\/wp-json\/wp\/v2\/types\/product"}],"wp:featuredmedia":[{"embeddable":true,"href":"https:\/\/www.siri.mo.it\/index.php\/wp-json\/wp\/v2\/media\/41024151"}],"wp:attachment":[{"href":"https:\/\/www.siri.mo.it\/index.php\/wp-json\/wp\/v2\/media?parent=41024225"}],"wp:term":[{"taxonomy":"product_brand","embeddable":true,"href":"https:\/\/www.siri.mo.it\/index.php\/wp-json\/wp\/v2\/product_brand?post=41024225"},{"taxonomy":"product_cat","embeddable":true,"href":"https:\/\/www.siri.mo.it\/index.php\/wp-json\/wp\/v2\/product_cat?post=41024225"},{"taxonomy":"product_tag","embeddable":true,"href":"https:\/\/www.siri.mo.it\/index.php\/wp-json\/wp\/v2\/product_tag?post=41024225"}],"curies":[{"name":"wp","href":"https:\/\/api.w.org\/{rel}","templated":true}]}}