{"id":41024145,"date":"2022-01-24T17:58:15","date_gmt":"2022-01-24T16:58:17","guid":{"rendered":"https:\/\/www.siri.mo.it\/?post_type=product&#038;p=41024145"},"modified":"2022-09-22T12:16:11","modified_gmt":"2022-09-22T10:16:11","slug":"art-61120g-maxibella-top-120-con-disco-mm-250-incluido-copia","status":"publish","type":"product","link":"https:\/\/www.siri.mo.it\/index.php\/prodotto\/art-61120g-maxibella-top-120-con-disco-mm-250-incluido-copia\/?lang=es","title":{"rendered":"art.703120 Ares 120 disco d.250 mm \u2013 NUEVA"},"content":{"rendered":"<p>ARES 120 est\u00e1 equipada con los siguientes componentes:<\/p>\n<p>Marco de aluminio; motor de 2200 W; transmisi\u00f3n directa del motor al disco; interruptor de liberaci\u00f3n autom\u00e1tica con protecci\u00f3n magnetot\u00e9rmica; refrigeraci\u00f3n por agua, con bomba de inmersi\u00f3n y grifo de regulaci\u00f3n de caudal; grupo motor deslizante sobre ocho poleas de hierro regulables; unidad motora inclinable a 45\u00b0 con regulaci\u00f3n milim\u00e9trica de altura mediante volante y posibilidad de bloqueo de la profundidad de corte; escuadra para cortes lineales y diagonales.<\/p>\n<p>DETALLES Y ACCESORIOS BAJO PEDIDO: Motor de avance con volante; juego de 4 ruedas; extensi\u00f3n lateral para grandes formatos; extensi\u00f3n lateral con transportador de rodillos; discos de diamante espec\u00edficos. Tensiones especiales disponibles, V.230 Hz 60, V.240 Hz 50 y trif\u00e1sica V.400 Hz 50.<\/p>\n<p>Dimensiones de corte: Lineal 120 cm &#8211; Jolly (45\u00b0) 120 cm &#8211; Diagonal 84 x 84 cm &#8211; Espesor m\u00e1ximo 5 cm.<\/p>\n","protected":false},"excerpt":{"rendered":"<p>NUEVA cortadora de puente que incluye disco \u00d8 250 x 25,4 mm con sectores cerrados, espec\u00edfico para gres porcel\u00e1nico, incluso de alto espesor. Longitud m\u00e1xima de corte 120 cm. Con discos espec\u00edficos tambi\u00e9n es posible cortar m\u00e1rmol y granito, hasta una altura m\u00e1xima de 5 cm.<\/p>\n","protected":false},"featured_media":41024152,"template":"","meta":[],"product_brand":[],"product_cat":[524],"product_tag":[],"class_list":{"0":"post-41024145","1":"product","2":"type-product","3":"status-publish","4":"has-post-thumbnail","6":"product_cat-cortadoras-a-puente","8":"first","9":"instock","10":"shipping-taxable","11":"product-type-simple"},"_links":{"self":[{"href":"https:\/\/www.siri.mo.it\/index.php\/wp-json\/wp\/v2\/product\/41024145","targetHints":{"allow":["GET"]}}],"collection":[{"href":"https:\/\/www.siri.mo.it\/index.php\/wp-json\/wp\/v2\/product"}],"about":[{"href":"https:\/\/www.siri.mo.it\/index.php\/wp-json\/wp\/v2\/types\/product"}],"wp:featuredmedia":[{"embeddable":true,"href":"https:\/\/www.siri.mo.it\/index.php\/wp-json\/wp\/v2\/media\/41024152"}],"wp:attachment":[{"href":"https:\/\/www.siri.mo.it\/index.php\/wp-json\/wp\/v2\/media?parent=41024145"}],"wp:term":[{"taxonomy":"product_brand","embeddable":true,"href":"https:\/\/www.siri.mo.it\/index.php\/wp-json\/wp\/v2\/product_brand?post=41024145"},{"taxonomy":"product_cat","embeddable":true,"href":"https:\/\/www.siri.mo.it\/index.php\/wp-json\/wp\/v2\/product_cat?post=41024145"},{"taxonomy":"product_tag","embeddable":true,"href":"https:\/\/www.siri.mo.it\/index.php\/wp-json\/wp\/v2\/product_tag?post=41024145"}],"curies":[{"name":"wp","href":"https:\/\/api.w.org\/{rel}","templated":true}]}}