{"id":41023804,"date":"2021-06-13T20:37:33","date_gmt":"2021-11-16T10:25:03","guid":{"rendered":"https:\/\/www.siri.mo.it\/?post_type=product&#038;p=41023804"},"modified":"2021-11-16T17:34:04","modified_gmt":"2021-11-16T16:34:04","slug":"cubo-de-plastico-semirrigido-art-18-03","status":"publish","type":"product","link":"https:\/\/www.siri.mo.it\/index.php\/prodotto\/cubo-de-plastico-semirrigido-art-18-03\/?lang=es","title":{"rendered":"Cubo de pl\u00e1stico semirr\u00edgido L.40 Art.18-03"},"content":{"rendered":"","protected":false},"excerpt":{"rendered":"<p>Cubo de pl\u00e1stico semirr\u00edgido L.40 <\/p>\n","protected":false},"featured_media":41023795,"template":"","meta":[],"product_brand":[],"product_cat":[533],"product_tag":[],"class_list":{"0":"post-41023804","1":"product","2":"type-product","3":"status-publish","4":"has-post-thumbnail","6":"product_cat-mezcladores","8":"first","9":"instock","10":"product-type-simple"},"_links":{"self":[{"href":"https:\/\/www.siri.mo.it\/index.php\/wp-json\/wp\/v2\/product\/41023804","targetHints":{"allow":["GET"]}}],"collection":[{"href":"https:\/\/www.siri.mo.it\/index.php\/wp-json\/wp\/v2\/product"}],"about":[{"href":"https:\/\/www.siri.mo.it\/index.php\/wp-json\/wp\/v2\/types\/product"}],"wp:featuredmedia":[{"embeddable":true,"href":"https:\/\/www.siri.mo.it\/index.php\/wp-json\/wp\/v2\/media\/41023795"}],"wp:attachment":[{"href":"https:\/\/www.siri.mo.it\/index.php\/wp-json\/wp\/v2\/media?parent=41023804"}],"wp:term":[{"taxonomy":"product_brand","embeddable":true,"href":"https:\/\/www.siri.mo.it\/index.php\/wp-json\/wp\/v2\/product_brand?post=41023804"},{"taxonomy":"product_cat","embeddable":true,"href":"https:\/\/www.siri.mo.it\/index.php\/wp-json\/wp\/v2\/product_cat?post=41023804"},{"taxonomy":"product_tag","embeddable":true,"href":"https:\/\/www.siri.mo.it\/index.php\/wp-json\/wp\/v2\/product_tag?post=41023804"}],"curies":[{"name":"wp","href":"https:\/\/api.w.org\/{rel}","templated":true}]}}