{"id":41023731,"date":"2021-06-13T20:37:33","date_gmt":"2021-11-16T09:15:01","guid":{"rendered":"https:\/\/www.siri.mo.it\/?post_type=product&#038;p=41023731"},"modified":"2021-11-16T10:15:02","modified_gmt":"2021-11-16T09:15:02","slug":"siri-aussteller-fuer-zubehoer-art-2511","status":"publish","type":"product","link":"https:\/\/www.siri.mo.it\/index.php\/prodotto\/siri-aussteller-fuer-zubehoer-art-2511\/?lang=de","title":{"rendered":"SIRI AUSSTELLER F\u00dcR ZUBEH\u00d6R Art. 2511"},"content":{"rendered":"","protected":false},"excerpt":{"rendered":"<p>Pr\u00e4sentationseinheit f\u00fcr Zubeh\u00f6r, 105x63x H 200 cm, mit 2 B\u00f6den, einem Sockel und einem Schild.<\/p>\n","protected":false},"featured_media":41023726,"template":"","meta":[],"product_brand":[],"product_cat":[511,514],"product_tag":[],"class_list":{"0":"post-41023731","1":"product","2":"type-product","3":"status-publish","4":"has-post-thumbnail","6":"product_cat-washset","7":"product_cat-zubehore","9":"first","10":"instock","11":"product-type-simple"},"_links":{"self":[{"href":"https:\/\/www.siri.mo.it\/index.php\/wp-json\/wp\/v2\/product\/41023731","targetHints":{"allow":["GET"]}}],"collection":[{"href":"https:\/\/www.siri.mo.it\/index.php\/wp-json\/wp\/v2\/product"}],"about":[{"href":"https:\/\/www.siri.mo.it\/index.php\/wp-json\/wp\/v2\/types\/product"}],"wp:featuredmedia":[{"embeddable":true,"href":"https:\/\/www.siri.mo.it\/index.php\/wp-json\/wp\/v2\/media\/41023726"}],"wp:attachment":[{"href":"https:\/\/www.siri.mo.it\/index.php\/wp-json\/wp\/v2\/media?parent=41023731"}],"wp:term":[{"taxonomy":"product_brand","embeddable":true,"href":"https:\/\/www.siri.mo.it\/index.php\/wp-json\/wp\/v2\/product_brand?post=41023731"},{"taxonomy":"product_cat","embeddable":true,"href":"https:\/\/www.siri.mo.it\/index.php\/wp-json\/wp\/v2\/product_cat?post=41023731"},{"taxonomy":"product_tag","embeddable":true,"href":"https:\/\/www.siri.mo.it\/index.php\/wp-json\/wp\/v2\/product_tag?post=41023731"}],"curies":[{"name":"wp","href":"https:\/\/api.w.org\/{rel}","templated":true}]}}