{"id":41023472,"date":"2021-06-13T17:07:42","date_gmt":"2021-11-09T14:32:48","guid":{"rendered":"https:\/\/www.siri.mo.it\/?post_type=product&#038;p=41023472"},"modified":"2021-11-09T15:32:49","modified_gmt":"2021-11-09T14:32:49","slug":"cipper-art-3010","status":"publish","type":"product","link":"https:\/\/www.siri.mo.it\/index.php\/prodotto\/cipper-art-3010\/?lang=es","title":{"rendered":"CIPPER art.3010"},"content":{"rendered":"","protected":false},"excerpt":{"rendered":"<p>Bastidor con cuatro ruedas giratorias &#8211; dep\u00f3sito 20 litros sistema de exprimido de esponja con dos rodillos &#8211; rejilla filtrante de pl\u00e1stico &#8211; asa de transporte de pl\u00e1stico &#8211; llana de esponja hidro 27x13x3 cm art.3651.<\/p>\n","protected":false},"featured_media":41007846,"template":"","meta":[],"product_brand":[],"product_cat":[511],"product_tag":[],"class_list":{"0":"post-41023472","1":"product","2":"type-product","3":"status-publish","4":"has-post-thumbnail","6":"product_cat-washset","8":"first","9":"instock","10":"product-type-simple"},"_links":{"self":[{"href":"https:\/\/www.siri.mo.it\/index.php\/wp-json\/wp\/v2\/product\/41023472","targetHints":{"allow":["GET"]}}],"collection":[{"href":"https:\/\/www.siri.mo.it\/index.php\/wp-json\/wp\/v2\/product"}],"about":[{"href":"https:\/\/www.siri.mo.it\/index.php\/wp-json\/wp\/v2\/types\/product"}],"wp:featuredmedia":[{"embeddable":true,"href":"https:\/\/www.siri.mo.it\/index.php\/wp-json\/wp\/v2\/media\/41007846"}],"wp:attachment":[{"href":"https:\/\/www.siri.mo.it\/index.php\/wp-json\/wp\/v2\/media?parent=41023472"}],"wp:term":[{"taxonomy":"product_brand","embeddable":true,"href":"https:\/\/www.siri.mo.it\/index.php\/wp-json\/wp\/v2\/product_brand?post=41023472"},{"taxonomy":"product_cat","embeddable":true,"href":"https:\/\/www.siri.mo.it\/index.php\/wp-json\/wp\/v2\/product_cat?post=41023472"},{"taxonomy":"product_tag","embeddable":true,"href":"https:\/\/www.siri.mo.it\/index.php\/wp-json\/wp\/v2\/product_tag?post=41023472"}],"curies":[{"name":"wp","href":"https:\/\/api.w.org\/{rel}","templated":true}]}}