{"id":41023464,"date":"2021-06-13T17:05:48","date_gmt":"2021-11-09T10:45:49","guid":{"rendered":"https:\/\/www.siri.mo.it\/?post_type=product&#038;p=41023464"},"modified":"2021-11-09T11:48:37","modified_gmt":"2021-11-09T10:48:37","slug":"baby-roller-art-3100","status":"publish","type":"product","link":"https:\/\/www.siri.mo.it\/index.php\/prodotto\/baby-roller-art-3100\/?lang=es","title":{"rendered":"BABY ROLLER art.3100-4"},"content":{"rendered":"<p>Bastidor con dos ruedas &#8211; dep\u00f3sito lt.15 sistema de exprimido de esponjas con tres rodillos articulados en 4 piezas &#8211; Parilla de pl\u00e1stico &#8211; Mango de pl\u00e1stico para transporte &#8211; llana de esponja hidro 27x13x3 cm.<\/p>\n","protected":false},"excerpt":{"rendered":"<p>CUBETAS DE LAVADO &#8211; Equipado con llana de esponja hidro, con 3 rodillos escurridores esponja.<\/p>\n","protected":false},"featured_media":41007804,"template":"","meta":[],"product_brand":[],"product_cat":[512],"product_tag":[],"class_list":{"0":"post-41023464","1":"product","2":"type-product","3":"status-publish","4":"has-post-thumbnail","6":"product_cat-kit-de-limpieza-y-esponjas","8":"first","9":"instock","10":"product-type-simple"},"_links":{"self":[{"href":"https:\/\/www.siri.mo.it\/index.php\/wp-json\/wp\/v2\/product\/41023464","targetHints":{"allow":["GET"]}}],"collection":[{"href":"https:\/\/www.siri.mo.it\/index.php\/wp-json\/wp\/v2\/product"}],"about":[{"href":"https:\/\/www.siri.mo.it\/index.php\/wp-json\/wp\/v2\/types\/product"}],"wp:featuredmedia":[{"embeddable":true,"href":"https:\/\/www.siri.mo.it\/index.php\/wp-json\/wp\/v2\/media\/41007804"}],"wp:attachment":[{"href":"https:\/\/www.siri.mo.it\/index.php\/wp-json\/wp\/v2\/media?parent=41023464"}],"wp:term":[{"taxonomy":"product_brand","embeddable":true,"href":"https:\/\/www.siri.mo.it\/index.php\/wp-json\/wp\/v2\/product_brand?post=41023464"},{"taxonomy":"product_cat","embeddable":true,"href":"https:\/\/www.siri.mo.it\/index.php\/wp-json\/wp\/v2\/product_cat?post=41023464"},{"taxonomy":"product_tag","embeddable":true,"href":"https:\/\/www.siri.mo.it\/index.php\/wp-json\/wp\/v2\/product_tag?post=41023464"}],"curies":[{"name":"wp","href":"https:\/\/api.w.org\/{rel}","templated":true}]}}