{"id":41023409,"date":"2021-06-13T11:34:43","date_gmt":"2021-11-08T10:59:24","guid":{"rendered":"https:\/\/www.siri.mo.it\/?post_type=product&#038;p=41023409"},"modified":"2021-11-08T11:59:24","modified_gmt":"2021-11-08T10:59:24","slug":"siriguida-art-5870","status":"publish","type":"product","link":"https:\/\/www.siri.mo.it\/index.php\/prodotto\/siriguida-art-5870\/?lang=es","title":{"rendered":"SIRIGUIDA  art.5870"},"content":{"rendered":"","protected":false},"excerpt":{"rendered":"<p>KIT DE PERFORACI\u00d3N COMPUESTO POR: 1) UNA GU\u00cdA UNIVERSAL DE ABS PARA TALADROS, AJUSTABLE DE \u00d8 6 A 83 mm. 2) UN DEP\u00d3SITO DE AGUA DE 1,1 LITROS CON SISTEMA DE ROCIADO A PRESI\u00d3N. 3) MANGUERA DE GOMA PARA EL ENV\u00cdO DE AGUA.<\/p>\n","protected":false},"featured_media":41005490,"template":"","meta":[],"product_brand":[],"product_cat":[503],"product_tag":[],"class_list":{"0":"post-41023409","1":"product","2":"type-product","3":"status-publish","4":"has-post-thumbnail","6":"product_cat-perforadores-para-azulejos","8":"first","9":"instock","10":"product-type-simple"},"_links":{"self":[{"href":"https:\/\/www.siri.mo.it\/index.php\/wp-json\/wp\/v2\/product\/41023409","targetHints":{"allow":["GET"]}}],"collection":[{"href":"https:\/\/www.siri.mo.it\/index.php\/wp-json\/wp\/v2\/product"}],"about":[{"href":"https:\/\/www.siri.mo.it\/index.php\/wp-json\/wp\/v2\/types\/product"}],"wp:featuredmedia":[{"embeddable":true,"href":"https:\/\/www.siri.mo.it\/index.php\/wp-json\/wp\/v2\/media\/41005490"}],"wp:attachment":[{"href":"https:\/\/www.siri.mo.it\/index.php\/wp-json\/wp\/v2\/media?parent=41023409"}],"wp:term":[{"taxonomy":"product_brand","embeddable":true,"href":"https:\/\/www.siri.mo.it\/index.php\/wp-json\/wp\/v2\/product_brand?post=41023409"},{"taxonomy":"product_cat","embeddable":true,"href":"https:\/\/www.siri.mo.it\/index.php\/wp-json\/wp\/v2\/product_cat?post=41023409"},{"taxonomy":"product_tag","embeddable":true,"href":"https:\/\/www.siri.mo.it\/index.php\/wp-json\/wp\/v2\/product_tag?post=41023409"}],"curies":[{"name":"wp","href":"https:\/\/api.w.org\/{rel}","templated":true}]}}