{"id":41023377,"date":"2021-06-13T15:20:37","date_gmt":"2021-11-05T15:29:29","guid":{"rendered":"https:\/\/www.siri.mo.it\/?post_type=product&#038;p=41023377"},"modified":"2025-08-04T12:01:44","modified_gmt":"2025-08-04T10:01:44","slug":"art-31500-siri-vibro-180","status":"publish","type":"product","link":"https:\/\/www.siri.mo.it\/index.php\/prodotto\/art-31500-siri-vibro-180\/?lang=es","title":{"rendered":"Art.31500 SIRI VIBRO 180"},"content":{"rendered":"<p>Ventosa de 180 mm de di\u00e1metro con bomba de vac\u00edo y sistema de vibraci\u00f3n para evitar la formaci\u00f3n de burbujas de aire en la parte posterior de la baldosa durante la instalaci\u00f3n.<br \/>\nDoble asa con agarre de goma para mayor estabilidad durante la vibraci\u00f3n.<br \/>\nLa ventosa vibratoria SIRI VIBRO 180 est\u00e1 equipada con:<br \/>\n&#8211; Pantalla digital con indicador de velocidad, bomba de vac\u00edo el\u00e9ctrica autom\u00e1tica, arranque y bot\u00f3n de encendido\/apagado;<br \/>\n&#8211; Bot\u00f3n de liberaci\u00f3n de vac\u00edo;<br \/>\n&#8211; Bot\u00f3n de activaci\u00f3n para iniciar la vibraci\u00f3n;<br \/>\n&#8211; Nivel de burbuja;<\/p>\n<p>Carga horizontal m\u00e1xima: 150 kg.<br \/>\nGoma acanalada apta para superficies lisas, rugosas y texturizadas.<br \/>\nBater\u00eda de 18 V &#8211; 2 Ah, cargador y malet\u00edn.<\/p>\n","protected":false},"excerpt":{"rendered":"<p>SIRI VIBRO 180 Sistema el\u00e9ctrico para vibrar y elevar baldosas de gran formato.<\/p>\n","protected":false},"featured_media":41026900,"template":"","meta":[],"product_brand":[],"product_cat":[370],"product_tag":[],"class_list":{"0":"post-41023377","1":"product","2":"type-product","3":"status-publish","4":"has-post-thumbnail","6":"product_cat-siriset-3","8":"first","9":"instock","10":"product-type-simple"},"_links":{"self":[{"href":"https:\/\/www.siri.mo.it\/index.php\/wp-json\/wp\/v2\/product\/41023377","targetHints":{"allow":["GET"]}}],"collection":[{"href":"https:\/\/www.siri.mo.it\/index.php\/wp-json\/wp\/v2\/product"}],"about":[{"href":"https:\/\/www.siri.mo.it\/index.php\/wp-json\/wp\/v2\/types\/product"}],"wp:featuredmedia":[{"embeddable":true,"href":"https:\/\/www.siri.mo.it\/index.php\/wp-json\/wp\/v2\/media\/41026900"}],"wp:attachment":[{"href":"https:\/\/www.siri.mo.it\/index.php\/wp-json\/wp\/v2\/media?parent=41023377"}],"wp:term":[{"taxonomy":"product_brand","embeddable":true,"href":"https:\/\/www.siri.mo.it\/index.php\/wp-json\/wp\/v2\/product_brand?post=41023377"},{"taxonomy":"product_cat","embeddable":true,"href":"https:\/\/www.siri.mo.it\/index.php\/wp-json\/wp\/v2\/product_cat?post=41023377"},{"taxonomy":"product_tag","embeddable":true,"href":"https:\/\/www.siri.mo.it\/index.php\/wp-json\/wp\/v2\/product_tag?post=41023377"}],"curies":[{"name":"wp","href":"https:\/\/api.w.org\/{rel}","templated":true}]}}