{"id":41023347,"date":"2021-06-13T15:20:37","date_gmt":"2021-11-05T10:25:05","guid":{"rendered":"https:\/\/www.siri.mo.it\/?post_type=product&#038;p=41023347"},"modified":"2025-08-05T10:20:49","modified_gmt":"2025-08-05T08:20:49","slug":"siri-trolley-art-6330","status":"publish","type":"product","link":"https:\/\/www.siri.mo.it\/index.php\/prodotto\/siri-trolley-art-6330\/?lang=es","title":{"rendered":"SIRI TROLLEY art.6330"},"content":{"rendered":"<p>Siri Trolley es un carro de aluminio estable y ligero para manipular losas de gran formato. Est\u00e1 equipada con 4 ruedas de goma; dos posiciones de carga para las losas; base de madera antideslizante; topes de seguridad para las losas. Siri Trolley es suministrado para ser montado, para facilitar su transporte.<\/p>\n","protected":false},"excerpt":{"rendered":"<p>Siri Trolley es un carro de aluminio estable y ligero para la manipulaci\u00f3n de losas de gran formato. Cuenta con cuatro ruedas de goma, dos posiciones de carga para las losas, una base de madera antideslizante y topes de seguridad para las losas. Siri Trolley se suministra premontado para facilitar su transporte. Est\u00e1 disponible en la versi\u00f3n est\u00e1ndar (art\u00edculo 6330) con una capacidad de carga m\u00e1xima de 150 kg, y en la versi\u00f3n reforzada (art\u00edculo 6330K) con una capacidad de carga m\u00e1xima de 200 kg.<\/p>\n","protected":false},"featured_media":41027002,"template":"","meta":[],"product_brand":[],"product_cat":[497],"product_tag":[],"class_list":{"0":"post-41023347","1":"product","2":"type-product","3":"status-publish","4":"has-post-thumbnail","6":"product_cat-siriset-3-es","8":"first","9":"instock","10":"product-type-simple"},"_links":{"self":[{"href":"https:\/\/www.siri.mo.it\/index.php\/wp-json\/wp\/v2\/product\/41023347","targetHints":{"allow":["GET"]}}],"collection":[{"href":"https:\/\/www.siri.mo.it\/index.php\/wp-json\/wp\/v2\/product"}],"about":[{"href":"https:\/\/www.siri.mo.it\/index.php\/wp-json\/wp\/v2\/types\/product"}],"wp:featuredmedia":[{"embeddable":true,"href":"https:\/\/www.siri.mo.it\/index.php\/wp-json\/wp\/v2\/media\/41027002"}],"wp:attachment":[{"href":"https:\/\/www.siri.mo.it\/index.php\/wp-json\/wp\/v2\/media?parent=41023347"}],"wp:term":[{"taxonomy":"product_brand","embeddable":true,"href":"https:\/\/www.siri.mo.it\/index.php\/wp-json\/wp\/v2\/product_brand?post=41023347"},{"taxonomy":"product_cat","embeddable":true,"href":"https:\/\/www.siri.mo.it\/index.php\/wp-json\/wp\/v2\/product_cat?post=41023347"},{"taxonomy":"product_tag","embeddable":true,"href":"https:\/\/www.siri.mo.it\/index.php\/wp-json\/wp\/v2\/product_tag?post=41023347"}],"curies":[{"name":"wp","href":"https:\/\/api.w.org\/{rel}","templated":true}]}}