{"id":41023343,"date":"2021-06-13T15:20:37","date_gmt":"2021-11-05T10:06:29","guid":{"rendered":"https:\/\/www.siri.mo.it\/?post_type=product&#038;p=41023343"},"modified":"2025-08-06T11:29:58","modified_gmt":"2025-08-06T09:29:58","slug":"siribench-4-cm-175-art-6370","status":"publish","type":"product","link":"https:\/\/www.siri.mo.it\/index.php\/prodotto\/siribench-4-cm-175-art-6370\/?lang=es","title":{"rendered":"SIRIBENCH 4 cm 175 art.6370"},"content":{"rendered":"<p>OPCIONAL:<\/p>\n<p>Art\u00edculo 6340-60 Caja de herramientas<br \/>\nArt\u00edculo 6340-70 Abrazadera para azulejos<br \/>\nArt\u00edculo 6340-80 Tomas con cable<\/p>\n<p>&nbsp;<\/p>\n<p><a href=\"https:\/\/www.siri.mo.it\/wp-content\/uploads\/2021\/06\/SIRISET-3-LR.pdf\">SIRISET 3 &#8211; LR<\/a>\u00a0 CATALOGO<\/p>\n","protected":false},"excerpt":{"rendered":"<p>El banco de trabajo modular Siri Bench 4 de 175 x 100 cm est\u00e1 fabricado con tableros y travesa\u00f1os de aluminio trefilado para mayor estabilidad y ligereza.<br \/>\nIncluye protectores de pl\u00e1stico en la encimera y patas con sistema de nivelaci\u00f3n y ajuste de altura. Gracias a los conectores (uno incluido por cada banco), se pueden conectar f\u00e1cilmente dos bancos (350 cm) para adaptarse al tama\u00f1o de los formatos a cortar.<br \/>\nEl banco incluye patas plegables para facilitar su transporte y un par de ganchos para guardar la gu\u00eda del sistema de corte.<br \/>\nDispone de una extensi\u00f3n lateral para ambos lados, que se guarda en el banco y se extiende 30 cm a cada lado.<\/p>\n","protected":false},"featured_media":41025849,"template":"","meta":[],"product_brand":[],"product_cat":[497],"product_tag":[],"class_list":{"0":"post-41023343","1":"product","2":"type-product","3":"status-publish","4":"has-post-thumbnail","6":"product_cat-siriset-3-es","8":"first","9":"instock","10":"product-type-simple"},"_links":{"self":[{"href":"https:\/\/www.siri.mo.it\/index.php\/wp-json\/wp\/v2\/product\/41023343","targetHints":{"allow":["GET"]}}],"collection":[{"href":"https:\/\/www.siri.mo.it\/index.php\/wp-json\/wp\/v2\/product"}],"about":[{"href":"https:\/\/www.siri.mo.it\/index.php\/wp-json\/wp\/v2\/types\/product"}],"wp:featuredmedia":[{"embeddable":true,"href":"https:\/\/www.siri.mo.it\/index.php\/wp-json\/wp\/v2\/media\/41025849"}],"wp:attachment":[{"href":"https:\/\/www.siri.mo.it\/index.php\/wp-json\/wp\/v2\/media?parent=41023343"}],"wp:term":[{"taxonomy":"product_brand","embeddable":true,"href":"https:\/\/www.siri.mo.it\/index.php\/wp-json\/wp\/v2\/product_brand?post=41023343"},{"taxonomy":"product_cat","embeddable":true,"href":"https:\/\/www.siri.mo.it\/index.php\/wp-json\/wp\/v2\/product_cat?post=41023343"},{"taxonomy":"product_tag","embeddable":true,"href":"https:\/\/www.siri.mo.it\/index.php\/wp-json\/wp\/v2\/product_tag?post=41023343"}],"curies":[{"name":"wp","href":"https:\/\/api.w.org\/{rel}","templated":true}]}}