{"id":41023341,"date":"2021-06-13T15:20:37","date_gmt":"2021-11-05T09:47:02","guid":{"rendered":"https:\/\/www.siri.mo.it\/?post_type=product&#038;p=41023341"},"modified":"2022-03-17T10:32:41","modified_gmt":"2022-03-17T09:32:41","slug":"siri-flex-3-cs-art-6350","status":"publish","type":"product","link":"https:\/\/www.siri.mo.it\/index.php\/prodotto\/siri-flex-3-cs-art-6350\/?lang=es","title":{"rendered":"SIRI FLEX 3 CS \u2013 art.6350"},"content":{"rendered":"<p>MANUAL\u00a0 \u00a0<a class=\"fb-icon-element-1 fb-icon-element fontawesome-icon fa-file-pdf fas circle-yes fusion-text-flow fusion-link\" style=\"font-size:28.16px;line-height:56.32px;height:56.32px;width:56.32px;border-width:0px;border-radius:50% 50% 50% 50%;margin-right:16px;\" href=\"https:\/\/www.siri.mo.it\/wp-content\/uploads\/2022\/03\/Siriflex-SIRI_english-version.pdf\" aria-label=\"Link to https:\/\/www.siri.mo.it\/wp-content\/uploads\/2022\/03\/Siriflex-SIRI_english-version.pdf\" target=\"_self\"><\/a><style>a.fb-icon-element.fontawesome-icon.fb-icon-element-1{ color: #ffffff; background-color: #197abf; border-color: #4a4e57;}a.fb-icon-element.fontawesome-icon.fb-icon-element-1:hover { color: #ffffff; background-color: #8bacc2; border-color: #8bacc2;}<\/style><\/p>\n<p>CATALOGO\u00a0 <a class=\"fb-icon-element-2 fb-icon-element fontawesome-icon fa-file-pdf fas circle-yes fusion-text-flow fusion-link\" style=\"font-size:28.16px;line-height:56.32px;height:56.32px;width:56.32px;border-width:0px;border-radius:50% 50% 50% 50%;margin-right:16px;\" href=\"https:\/\/www.siri.mo.it\/wp-content\/uploads\/2022\/03\/SIRISET-3-2022-1.pdf\" aria-label=\"Link to https:\/\/www.siri.mo.it\/wp-content\/uploads\/2022\/03\/SIRISET-3-2022-1.pdf\" target=\"_self\"><\/a><style>a.fb-icon-element.fontawesome-icon.fb-icon-element-2{ color: #ffffff; background-color: #197abf; border-color: #4a4e57;}a.fb-icon-element.fontawesome-icon.fb-icon-element-2:hover { color: #ffffff; background-color: #8bacc2; border-color: #8bacc2;}<\/style><\/p>\n","protected":false},"excerpt":{"rendered":"<p>SIRI FLEX 3 es un sistema para cortar losas de cer\u00e1mica, gres porcel\u00e1nico y m\u00e1rmol de gran formato. Permite realizar cortes lineales, cortes a 45\u00b0 y perfilar esquinas de medio toroidal. Consiste en un carro deslizante donde se puede colocar una esmeriladora angular con disco diamantado y debe utilizarse con una de las gu\u00edas &#8220;Siri Guide 3&#8221; disponibles. Gracias a cuatro poleas con rodamientos de bolas, SIRI FLEX 3 es muy estable, se desliza f\u00e1cilmente sobre las gu\u00edas, y adem\u00e1s est\u00e1 equipada con un movimiento de inclinaci\u00f3n para ajustar la profundidad de corte. El sistema, \u00fanico en su g\u00e9nero, est\u00e1 dotado de un ajuste milim\u00e9trico de la l\u00ednea de corte. SIRI FLEX 3 puede alojar la mayor\u00eda de las esmeriladoras angulares presentes en el mercado y est\u00e1 predispuesta para el uso de un aspirador.<\/p>\n","protected":false},"featured_media":41006935,"template":"","meta":[],"product_brand":[],"product_cat":[497],"product_tag":[],"class_list":{"0":"post-41023341","1":"product","2":"type-product","3":"status-publish","4":"has-post-thumbnail","6":"product_cat-siriset-3-es","8":"first","9":"instock","10":"product-type-simple"},"_links":{"self":[{"href":"https:\/\/www.siri.mo.it\/index.php\/wp-json\/wp\/v2\/product\/41023341","targetHints":{"allow":["GET"]}}],"collection":[{"href":"https:\/\/www.siri.mo.it\/index.php\/wp-json\/wp\/v2\/product"}],"about":[{"href":"https:\/\/www.siri.mo.it\/index.php\/wp-json\/wp\/v2\/types\/product"}],"wp:featuredmedia":[{"embeddable":true,"href":"https:\/\/www.siri.mo.it\/index.php\/wp-json\/wp\/v2\/media\/41006935"}],"wp:attachment":[{"href":"https:\/\/www.siri.mo.it\/index.php\/wp-json\/wp\/v2\/media?parent=41023341"}],"wp:term":[{"taxonomy":"product_brand","embeddable":true,"href":"https:\/\/www.siri.mo.it\/index.php\/wp-json\/wp\/v2\/product_brand?post=41023341"},{"taxonomy":"product_cat","embeddable":true,"href":"https:\/\/www.siri.mo.it\/index.php\/wp-json\/wp\/v2\/product_cat?post=41023341"},{"taxonomy":"product_tag","embeddable":true,"href":"https:\/\/www.siri.mo.it\/index.php\/wp-json\/wp\/v2\/product_tag?post=41023341"}],"curies":[{"name":"wp","href":"https:\/\/api.w.org\/{rel}","templated":true}]}}