{"id":41023338,"date":"2021-06-13T15:20:37","date_gmt":"2021-11-04T16:56:59","guid":{"rendered":"https:\/\/www.siri.mo.it\/?post_type=product&#038;p=41023338"},"modified":"2025-08-05T15:17:25","modified_gmt":"2025-08-05T13:17:25","slug":"siri-cut-3-kit-art-6380kit","status":"publish","type":"product","link":"https:\/\/www.siri.mo.it\/index.php\/prodotto\/siri-cut-3-kit-art-6380kit\/?lang=es","title":{"rendered":"SIRI CUT 4 kit art.6390"},"content":{"rendered":"<p>MANUAL:\u00a0 <a class=\"fb-icon-element-1 fb-icon-element fontawesome-icon fa-file-pdf fas circle-yes fusion-text-flow fusion-link\" style=\"font-size:28.16px;line-height:56.32px;height:56.32px;width:56.32px;border-width:0px;border-radius:50% 50% 50% 50%;margin-right:16px;\" href=\"https:\/\/www.siri.mo.it\/wp-content\/uploads\/2022\/03\/SIRI-CUT-manuale-28-07-2017_eng.pdf\" aria-label=\"Link to https:\/\/www.siri.mo.it\/wp-content\/uploads\/2022\/03\/SIRI-CUT-manuale-28-07-2017_eng.pdf\" target=\"_self\"><\/a><style>a.fb-icon-element.fontawesome-icon.fb-icon-element-1{ color: #ffffff; background-color: #197abf; border-color: #4a4e57;}a.fb-icon-element.fontawesome-icon.fb-icon-element-1:hover { color: #ffffff; background-color: #8bacc2; border-color: #8bacc2;}<\/style><\/p>\n<p>CATALOGO\u00a0 <a class=\"fb-icon-element-2 fb-icon-element fontawesome-icon fa-file-pdf fas circle-yes fusion-text-flow fusion-link\" style=\"font-size:28.16px;line-height:56.32px;height:56.32px;width:56.32px;border-width:0px;border-radius:50% 50% 50% 50%;margin-right:16px;\" href=\"https:\/\/www.siri.mo.it\/wp-content\/uploads\/2022\/03\/SIRISET-3-2022-1.pdf\" aria-label=\"Link to https:\/\/www.siri.mo.it\/wp-content\/uploads\/2022\/03\/SIRISET-3-2022-1.pdf\" target=\"_self\"><\/a><style>a.fb-icon-element.fontawesome-icon.fb-icon-element-2{ color: #ffffff; background-color: #197abf; border-color: #4a4e57;}a.fb-icon-element.fontawesome-icon.fb-icon-element-2:hover { color: #ffffff; background-color: #8bacc2; border-color: #8bacc2;}<\/style><\/p>\n<p>&nbsp;<\/p>\n","protected":false},"excerpt":{"rendered":"<p>SIRI CUT 4 es un sistema para etiquetas de gran formato en cer\u00e1mica y porcelana. Est\u00e1 compuesto por un carrete de recorte con una rueda de \u00f8 13 mm para la incisi\u00f3n y una rueda de \u00f8 8 mm espec\u00edfica para la estructura cer\u00e1mica; adem\u00e1s, incluye un clip para separar. SIRI CUT 4 se utiliza con una gu\u00eda.<br \/>\nSiri disponible. Gracias a cuatro carretes de hierro con cojines. Adem\u00e1s, SIRI CUT 4 se puede retirar f\u00e1cilmente de la barra en el acero de la gu\u00eda. Aplique presi\u00f3n con las manos en los pomos. Si esto afecta la profundidad de la placa, se separar\u00e1 f\u00e1cilmente con el pasador suministrado. La pinza est\u00e1 equipada con un ajuste de grosor de hasta 10 mm.<\/p>\n<p>&nbsp;<\/p>\n","protected":false},"featured_media":41006889,"template":"","meta":[],"product_brand":[],"product_cat":[497],"product_tag":[],"class_list":{"0":"post-41023338","1":"product","2":"type-product","3":"status-publish","4":"has-post-thumbnail","6":"product_cat-siriset-3-es","8":"first","9":"instock","10":"product-type-simple"},"_links":{"self":[{"href":"https:\/\/www.siri.mo.it\/index.php\/wp-json\/wp\/v2\/product\/41023338","targetHints":{"allow":["GET"]}}],"collection":[{"href":"https:\/\/www.siri.mo.it\/index.php\/wp-json\/wp\/v2\/product"}],"about":[{"href":"https:\/\/www.siri.mo.it\/index.php\/wp-json\/wp\/v2\/types\/product"}],"wp:featuredmedia":[{"embeddable":true,"href":"https:\/\/www.siri.mo.it\/index.php\/wp-json\/wp\/v2\/media\/41006889"}],"wp:attachment":[{"href":"https:\/\/www.siri.mo.it\/index.php\/wp-json\/wp\/v2\/media?parent=41023338"}],"wp:term":[{"taxonomy":"product_brand","embeddable":true,"href":"https:\/\/www.siri.mo.it\/index.php\/wp-json\/wp\/v2\/product_brand?post=41023338"},{"taxonomy":"product_cat","embeddable":true,"href":"https:\/\/www.siri.mo.it\/index.php\/wp-json\/wp\/v2\/product_cat?post=41023338"},{"taxonomy":"product_tag","embeddable":true,"href":"https:\/\/www.siri.mo.it\/index.php\/wp-json\/wp\/v2\/product_tag?post=41023338"}],"curies":[{"name":"wp","href":"https:\/\/api.w.org\/{rel}","templated":true}]}}